{"id":177,"date":"2024-02-13T15:41:05","date_gmt":"2024-02-13T15:41:05","guid":{"rendered":"https:\/\/www.professorkleberson.com.br\/inicio\/?page_id=177"},"modified":"2024-02-17T10:52:21","modified_gmt":"2024-02-17T13:52:21","slug":"prefeitura-pantanal-do-norte","status":"publish","type":"page","link":"https:\/\/www.professorkleberson.com.br\/inicio\/prefeitura-pantanal-do-norte\/","title":{"rendered":"Prefeitura Pantanal do Norte\/MT"},"content":{"rendered":"\n<div class=\"wp-block-columns is-layout-flex wp-container-core-columns-is-layout-9d6595d7 wp-block-columns-is-layout-flex\">\n<div class=\"wp-block-column is-layout-flow wp-block-column-is-layout-flow\" style=\"flex-basis:33.33%\">\n<div class=\"wp-block-buttons is-layout-flex wp-block-buttons-is-layout-flex\"><\/div>\n\n\n\n<div class=\"wp-block-buttons has-custom-font-size has-small-font-size is-content-justification-center is-nowrap is-layout-flex wp-container-core-buttons-is-layout-1fb9aab6 wp-block-buttons-is-layout-flex\">\n<div class=\"wp-block-button has-custom-width wp-block-button__width-75 has-custom-font-size is-style-fill has-small-font-size\"><a class=\"wp-block-button__link wp-element-button\" href=\"https:\/\/www.professorkleberson.com.br\/inicio\/prefeitura-pantanal-do-norte\/\">In\u00edcio<\/a><\/div>\n<\/div>\n\n\n\n<\/br>\n\n\n\n<div class=\"wp-block-buttons has-custom-font-size has-small-font-size is-content-justification-center is-nowrap is-layout-flex wp-container-core-buttons-is-layout-1fb9aab6 wp-block-buttons-is-layout-flex\">\n<div class=\"wp-block-button has-custom-width wp-block-button__width-75 is-style-outline is-style-outline--1\"><a class=\"wp-block-button__link wp-element-button\" href=\"https:\/\/www.professorkleberson.com.br\/inicio\/prefeitura-pantanal-norte-contratacoes\/\">Contrata\u00e7\u00f5es P\u00fablicas<\/a><\/div>\n<\/div>\n\n\n\n<\/br>\n\n\n\n<div class=\"wp-block-buttons has-custom-font-size has-small-font-size is-content-justification-center is-nowrap is-layout-flex wp-container-core-buttons-is-layout-94bc23d7 wp-block-buttons-is-layout-flex\">\n<div class=\"wp-block-button has-custom-width wp-block-button__width-75 is-style-outline is-style-outline--2\"><a class=\"wp-block-button__link wp-element-button\" href=\"https:\/\/www.professorkleberson.com.br\/inicio\/prefeitura-pantanal-do-norte-mt-central\/\">Central de Compras<\/a><\/div>\n<\/div>\n\n\n\n<\/br>\n\n\n\n<div class=\"wp-block-buttons has-custom-font-size has-small-font-size is-content-justification-center is-nowrap is-layout-flex wp-container-core-buttons-is-layout-94bc23d7 wp-block-buttons-is-layout-flex\">\n<div class=\"wp-block-button has-custom-width wp-block-button__width-75 is-style-outline is-style-outline--3\"><a class=\"wp-block-button__link wp-element-button\" href=\"https:\/\/www.professorkleberson.com.br\/inicio\/prefeitura-pantanal-do-norte-mt-riscos\/\">Gest\u00e3o de Riscos<\/a><\/div>\n<\/div>\n\n\n\n<\/br>\n\n\n\n<div class=\"wp-block-buttons has-custom-font-size has-small-font-size is-content-justification-center is-nowrap is-layout-flex wp-container-core-buttons-is-layout-94bc23d7 wp-block-buttons-is-layout-flex\">\n<div class=\"wp-block-button has-custom-width wp-block-button__width-75 is-style-outline is-style-outline--4\"><a class=\"wp-block-button__link wp-element-button\" href=\"https:\/\/www.professorkleberson.com.br\/inicio\/prefeitura-pantanal-do-norte-mt-auditorias-entrevistas\/\">Auditorias Realizadas<\/a><\/div>\n<\/div>\n<\/div>\n\n\n\n<div class=\"wp-block-column is-layout-flow wp-block-column-is-layout-flow\" style=\"flex-basis:66.66%\">\n<h2 class=\"wp-block-heading\"><strong>Estudo de caso <\/strong>Pantanal do Norte<\/h2>\n\n\n\n<p>Casos de auditoria, fiscaliza\u00e7\u00e3o e gest\u00e3o de riscos no munic\u00edpio <strong>fict\u00edcio <\/strong>de Pantanal do Norte em Mato Grosso.<\/p>\n\n\n\n<p>Clique no menu para navegar nas p\u00e1ginas.<\/p>\n\n\n\n<p><\/p>\n<\/div>\n<\/div>\n","protected":false},"excerpt":{"rendered":"<p>Estudo de caso Pantanal do Norte Casos de auditoria, fiscaliza\u00e7\u00e3o e gest\u00e3o de riscos no munic\u00edpio fict\u00edcio de Pantanal do Norte em Mato Grosso. Clique no menu para navegar nas p\u00e1ginas.<\/p>\n","protected":false},"author":1,"featured_media":0,"parent":0,"menu_order":0,"comment_status":"closed","ping_status":"closed","template":"","meta":{"footnotes":"[]"},"class_list":["post-177","page","type-page","status-publish","hentry"],"_links":{"self":[{"href":"https:\/\/www.professorkleberson.com.br\/inicio\/wp-json\/wp\/v2\/pages\/177","targetHints":{"allow":["GET"]}}],"collection":[{"href":"https:\/\/www.professorkleberson.com.br\/inicio\/wp-json\/wp\/v2\/pages"}],"about":[{"href":"https:\/\/www.professorkleberson.com.br\/inicio\/wp-json\/wp\/v2\/types\/page"}],"author":[{"embeddable":true,"href":"https:\/\/www.professorkleberson.com.br\/inicio\/wp-json\/wp\/v2\/users\/1"}],"replies":[{"embeddable":true,"href":"https:\/\/www.professorkleberson.com.br\/inicio\/wp-json\/wp\/v2\/comments?post=177"}],"version-history":[{"count":26,"href":"https:\/\/www.professorkleberson.com.br\/inicio\/wp-json\/wp\/v2\/pages\/177\/revisions"}],"predecessor-version":[{"id":311,"href":"https:\/\/www.professorkleberson.com.br\/inicio\/wp-json\/wp\/v2\/pages\/177\/revisions\/311"}],"wp:attachment":[{"href":"https:\/\/www.professorkleberson.com.br\/inicio\/wp-json\/wp\/v2\/media?parent=177"}],"curies":[{"name":"wp","href":"https:\/\/api.w.org\/{rel}","templated":true}]}}