{"id":2,"date":"2024-01-26T13:41:32","date_gmt":"2024-01-26T13:41:32","guid":{"rendered":"https:\/\/www.professorkleberson.com.br\/inicio\/?page_id=2"},"modified":"2024-02-14T00:52:06","modified_gmt":"2024-02-14T00:52:06","slug":"sobre","status":"publish","type":"page","link":"https:\/\/www.professorkleberson.com.br\/inicio\/sobre\/","title":{"rendered":"Sobre o Professor"},"content":{"rendered":"\n<p>Kleberson Roberto de Souza \u00e9 formado em Ci\u00eancias Cont\u00e1beis pela Universidade Federal e Mato Grosso &#8211; UFMT, al\u00e9m possuir diversas atividades e cursos em seu curr\u00edculo:<\/p>\n\n\n\n<ul class=\"wp-block-list\">\n<li>Auditor Federal de Finan\u00e7as e Controle (AFFC) da Controladoria-Geral da Uni\u00e3o (CGU) com mais de 18 anos de experi\u00eancia;<\/li>\n\n\n\n<li>Mestre em Administra\u00e7\u00e3o P\u00fablica pela FGV;<\/li>\n\n\n\n<li>Especialista em Direito e Controle Externo da Administra\u00e7\u00e3o P\u00fablica pela FGV;<\/li>\n\n\n\n<li>Especialista em Auditoria Cont\u00e1bil e Tribut\u00e1ria pela UFMT;<\/li>\n\n\n\n<li>Certifica\u00e7\u00e3o Internacional pela International Organization for Standardization &#8211; ISO em Gest\u00e3o de Riscos (C31000);<\/li>\n\n\n\n<li>Palestrante na \u00e1rea de auditoria governamental, gerenciamento de riscos na Administra\u00e7\u00e3o P\u00fablica, fraudes em licita\u00e7\u00f5es e contratos e avalia\u00e7\u00e3o de controles internos;<\/li>\n\n\n\n<li>Coautor dos Livros Como combater a corrup\u00e7\u00e3o em licita\u00e7\u00f5es, detec\u00e7\u00e3o e preven\u00e7\u00e3o de fraudes e Como combater o desperd\u00edcio no setor p\u00fablico e gest\u00e3o de riscos na pr\u00e1tica, ambos lan\u00e7ados pela Editora F\u00f3rum;<\/li>\n\n\n\n<li>Coautor do livro Auditoria Baseada em Riscos lan\u00e7ado pela Editora F\u00f3rum. <\/li>\n<\/ul>\n","protected":false},"excerpt":{"rendered":"<p>Kleberson Roberto de Souza \u00e9 formado em Ci\u00eancias Cont\u00e1beis pela Universidade Federal e Mato Grosso &#8211; UFMT, al\u00e9m possuir diversas atividades e cursos em seu curr\u00edculo:<\/p>\n","protected":false},"author":1,"featured_media":0,"parent":0,"menu_order":0,"comment_status":"closed","ping_status":"closed","template":"","meta":{"footnotes":""},"class_list":["post-2","page","type-page","status-publish","hentry"],"_links":{"self":[{"href":"https:\/\/www.professorkleberson.com.br\/inicio\/wp-json\/wp\/v2\/pages\/2","targetHints":{"allow":["GET"]}}],"collection":[{"href":"https:\/\/www.professorkleberson.com.br\/inicio\/wp-json\/wp\/v2\/pages"}],"about":[{"href":"https:\/\/www.professorkleberson.com.br\/inicio\/wp-json\/wp\/v2\/types\/page"}],"author":[{"embeddable":true,"href":"https:\/\/www.professorkleberson.com.br\/inicio\/wp-json\/wp\/v2\/users\/1"}],"replies":[{"embeddable":true,"href":"https:\/\/www.professorkleberson.com.br\/inicio\/wp-json\/wp\/v2\/comments?post=2"}],"version-history":[{"count":2,"href":"https:\/\/www.professorkleberson.com.br\/inicio\/wp-json\/wp\/v2\/pages\/2\/revisions"}],"predecessor-version":[{"id":180,"href":"https:\/\/www.professorkleberson.com.br\/inicio\/wp-json\/wp\/v2\/pages\/2\/revisions\/180"}],"wp:attachment":[{"href":"https:\/\/www.professorkleberson.com.br\/inicio\/wp-json\/wp\/v2\/media?parent=2"}],"curies":[{"name":"wp","href":"https:\/\/api.w.org\/{rel}","templated":true}]}}