{"id":243,"date":"2024-02-14T13:30:06","date_gmt":"2024-02-14T13:30:06","guid":{"rendered":"https:\/\/www.professorkleberson.com.br\/inicio\/?page_id=243"},"modified":"2024-02-14T11:32:23","modified_gmt":"2024-02-14T14:32:23","slug":"prefeitura-pantanal-do-norte-mt-contratacoes-legis","status":"publish","type":"page","link":"https:\/\/www.professorkleberson.com.br\/inicio\/prefeitura-pantanal-do-norte-mt-contratacoes-legis\/","title":{"rendered":"Prefeitura Pantanal do Norte\/MT &#8211; Contrata\u00e7\u00f5es"},"content":{"rendered":"\n<div class=\"wp-block-columns is-layout-flex wp-container-core-columns-is-layout-9d6595d7 wp-block-columns-is-layout-flex\">\n<div class=\"wp-block-column is-layout-flow wp-block-column-is-layout-flow\" style=\"flex-basis:33.33%\">\n<div class=\"wp-block-buttons is-layout-flex wp-block-buttons-is-layout-flex\"><\/div>\n\n\n\n<div class=\"wp-block-buttons has-custom-font-size has-small-font-size is-content-justification-center is-nowrap is-layout-flex wp-container-core-buttons-is-layout-1fb9aab6 wp-block-buttons-is-layout-flex\">\n<div class=\"wp-block-button has-custom-width wp-block-button__width-75 is-style-outline is-style-outline--1\"><a class=\"wp-block-button__link wp-element-button\" href=\"https:\/\/www.professorkleberson.com.br\/inicio\/prefeitura-pantanal-do-norte\/\">In\u00edcio<\/a><\/div>\n<\/div>\n\n\n\n<\/br>\n\n\n\n<div class=\"wp-block-buttons has-custom-font-size has-small-font-size is-content-justification-center is-nowrap is-layout-flex wp-container-core-buttons-is-layout-1fb9aab6 wp-block-buttons-is-layout-flex\">\n<div class=\"wp-block-button has-custom-width wp-block-button__width-75 is-style-outline is-style-outline--2\"><a class=\"wp-block-button__link wp-element-button\" href=\"https:\/\/www.professorkleberson.com.br\/inicio\/prefeitura-pantanal-norte-contratacoes\/\">1. Contrata\u00e7\u00f5es P\u00fablicas<\/a><\/div>\n<\/div>\n\n\n\n<\/br>\n\n\n\n<div class=\"wp-block-buttons has-custom-font-size has-small-font-size is-content-justification-center is-nowrap is-layout-flex wp-container-core-buttons-is-layout-94bc23d7 wp-block-buttons-is-layout-flex\">\n<div class=\"wp-block-button has-custom-width wp-block-button__width-75 is-style-outline is-style-outline--3\"><a class=\"wp-block-button__link wp-element-button\" href=\"https:\/\/www.professorkleberson.com.br\/inicio\/prefeitura-pantanal-do-norte-mt-contratacoes-macro\/\">2. Macroprocesso<\/a><\/div>\n<\/div>\n\n\n\n<\/br>\n\n\n\n<div class=\"wp-block-buttons has-custom-font-size has-small-font-size is-content-justification-center is-nowrap is-layout-flex wp-container-core-buttons-is-layout-94bc23d7 wp-block-buttons-is-layout-flex\">\n<div class=\"wp-block-button has-custom-width wp-block-button__width-75 is-style-fill\"><a class=\"wp-block-button__link wp-element-button\">3. Legisla\u00e7\u00e3o Aplic\u00e1vel<\/a><\/div>\n<\/div>\n<\/div>\n\n\n\n<div class=\"wp-block-column is-layout-flow wp-block-column-is-layout-flow\" style=\"flex-basis:66.66%\">\n<h3 class=\"wp-block-heading\">3. <strong><strong>Legisla\u00e7\u00e3o Aplic\u00e1vel<\/strong><\/strong><\/h3>\n\n\n\n<ol class=\"wp-block-list\" style=\"list-style-type:lower-alpha\">\n<li>Constitui\u00e7\u00e3o da Rep\u00fablica Federativa do Brasil de 1988;<\/li>\n\n\n\n<li>Lei n\u00ba 14.133\/2021;<\/li>\n\n\n\n<li>Lei n\u00ba 8.666\/1993;<\/li>\n\n\n\n<li>Lei n\u00ba 10.520\/2002;<\/li>\n\n\n\n<li>Lei n\u00ba 12.527\/2011 (Lei de Acesso \u00e0 Informa\u00e7\u00e3o);<\/li>\n\n\n\n<li>Decreto n\u00ba 7.746\/2012, art. 16;<\/li>\n\n\n\n<li>Decreto n\u00ba 9.991\/2019;<\/li>\n\n\n\n<li>Decreto n\u00ba 9.203\/2017;<\/li>\n\n\n\n<li>Decreto n\u00ba 10.947\/2022 (PCA);<\/li>\n\n\n\n<li>Decreto n\u00ba 11.246\/2022 (Agentes de Contrata\u00e7\u00e3o);<\/li>\n\n\n\n<li>Decreto-Lei 200\/67;<\/li>\n\n\n\n<li>Decreto-Lei 2.848\/1940 (C\u00f3digo Penal), art. 337-H;<\/li>\n\n\n\n<li>Portaria Seges\/ME n\u00ba 8.678\/2021;<\/li>\n\n\n\n<li>Instru\u00e7\u00e3o Normativa MP\/CGU n\u00ba 1\/2016;<\/li>\n\n\n\n<li>Instru\u00e7\u00e3o Normativa SLTI n\u00ba 10\/2012, art. 12 a 14;<\/li>\n\n\n\n<li>Instru\u00e7\u00f5es Normativas SEGES n\u00ba 5\/2017, 65\/2021, 58\/2022 e 77\/2022;<\/li>\n\n\n\n<li>Orienta\u00e7\u00e3o Normativa SEGES n\u00ba 2\/2016;<\/li>\n\n\n\n<li>Ac\u00f3rd\u00e3os do TCU n\u00ba 2.622\/2015, 1.375\/2015, 1.414\/2016, 588\/2018, 1.093\/2018, 2.037\/2019, 1.637\/2021, 2.164\/2021, 1.016\/2022, todos do plen\u00e1rio e Ac. TCU n\u00ba 4.958\/2022 \u2013 1\u00aa. C\u00e2mara;<\/li>\n<\/ol>\n\n\n\n<p class=\"has-small-font-size\"><\/p>\n\n\n\n<p><\/p>\n<\/div>\n<\/div>\n","protected":false},"excerpt":{"rendered":"<p>3. Legisla\u00e7\u00e3o Aplic\u00e1vel<\/p>\n","protected":false},"author":1,"featured_media":0,"parent":0,"menu_order":0,"comment_status":"closed","ping_status":"closed","template":"","meta":{"footnotes":"[]"},"class_list":["post-243","page","type-page","status-publish","hentry"],"_links":{"self":[{"href":"https:\/\/www.professorkleberson.com.br\/inicio\/wp-json\/wp\/v2\/pages\/243","targetHints":{"allow":["GET"]}}],"collection":[{"href":"https:\/\/www.professorkleberson.com.br\/inicio\/wp-json\/wp\/v2\/pages"}],"about":[{"href":"https:\/\/www.professorkleberson.com.br\/inicio\/wp-json\/wp\/v2\/types\/page"}],"author":[{"embeddable":true,"href":"https:\/\/www.professorkleberson.com.br\/inicio\/wp-json\/wp\/v2\/users\/1"}],"replies":[{"embeddable":true,"href":"https:\/\/www.professorkleberson.com.br\/inicio\/wp-json\/wp\/v2\/comments?post=243"}],"version-history":[{"count":3,"href":"https:\/\/www.professorkleberson.com.br\/inicio\/wp-json\/wp\/v2\/pages\/243\/revisions"}],"predecessor-version":[{"id":254,"href":"https:\/\/www.professorkleberson.com.br\/inicio\/wp-json\/wp\/v2\/pages\/243\/revisions\/254"}],"wp:attachment":[{"href":"https:\/\/www.professorkleberson.com.br\/inicio\/wp-json\/wp\/v2\/media?parent=243"}],"curies":[{"name":"wp","href":"https:\/\/api.w.org\/{rel}","templated":true}]}}