{"id":256,"date":"2024-02-14T13:49:32","date_gmt":"2024-02-14T13:49:32","guid":{"rendered":"https:\/\/www.professorkleberson.com.br\/inicio\/?page_id=256"},"modified":"2024-02-14T14:09:56","modified_gmt":"2024-02-14T17:09:56","slug":"prefeitura-pantanal-do-norte-mt-central","status":"publish","type":"page","link":"https:\/\/www.professorkleberson.com.br\/inicio\/prefeitura-pantanal-do-norte-mt-central\/","title":{"rendered":"Prefeitura Pantanal do Norte\/MT &#8211; Central de Compras"},"content":{"rendered":"\n<div class=\"wp-block-columns is-layout-flex wp-container-core-columns-is-layout-9d6595d7 wp-block-columns-is-layout-flex\">\n<div class=\"wp-block-column is-layout-flow wp-block-column-is-layout-flow\" style=\"flex-basis:33.33%\">\n<div class=\"wp-block-buttons is-layout-flex wp-block-buttons-is-layout-flex\"><\/div>\n\n\n\n<div class=\"wp-block-buttons has-custom-font-size has-small-font-size is-content-justification-center is-nowrap is-layout-flex wp-container-core-buttons-is-layout-1fb9aab6 wp-block-buttons-is-layout-flex\">\n<div class=\"wp-block-button has-custom-width wp-block-button__width-75 has-custom-font-size is-style-outline has-small-font-size is-style-outline--1\"><a class=\"wp-block-button__link wp-element-button\" href=\"https:\/\/www.professorkleberson.com.br\/inicio\/prefeitura-pantanal-do-norte\/\">In\u00edcio<\/a><\/div>\n<\/div>\n\n\n\n<\/br>\n\n\n\n<div class=\"wp-block-buttons has-custom-font-size has-small-font-size is-content-justification-center is-nowrap is-layout-flex wp-container-core-buttons-is-layout-1fb9aab6 wp-block-buttons-is-layout-flex\">\n<div class=\"wp-block-button has-custom-width wp-block-button__width-75 is-style-fill\"><a class=\"wp-block-button__link wp-element-button\">Central de Compras<\/a><\/div>\n<\/div>\n\n\n\n<div class=\"wp-block-buttons has-custom-font-size has-small-font-size is-content-justification-center is-nowrap is-layout-flex wp-container-core-buttons-is-layout-94bc23d7 wp-block-buttons-is-layout-flex\"><\/div>\n<\/div>\n\n\n\n<div class=\"wp-block-column is-layout-flow wp-block-column-is-layout-flow\" style=\"flex-basis:66.66%\">\n<h2 class=\"wp-block-heading\"><strong>Central de Compras<\/strong><\/h2>\n\n\n\n<h3 class=\"wp-block-heading\">1. <strong>Organograma da Central de Compras <\/strong><\/h3>\n\n\n\n<figure class=\"wp-block-image size-full\"><img loading=\"lazy\" decoding=\"async\" width=\"596\" height=\"527\" src=\"https:\/\/www.professorkleberson.com.br\/inicio\/wp-content\/uploads\/2024\/02\/central.png\" alt=\"\" class=\"wp-image-257\" srcset=\"https:\/\/www.professorkleberson.com.br\/inicio\/wp-content\/uploads\/2024\/02\/central.png 596w, https:\/\/www.professorkleberson.com.br\/inicio\/wp-content\/uploads\/2024\/02\/central-300x265.png 300w\" sizes=\"auto, (max-width: 596px) 100vw, 596px\" \/><\/figure>\n\n\n\n<h3 class=\"wp-block-heading\">2. <strong>Comit\u00ea de Governan\u00e7a e Gest\u00e3o de Contrata\u00e7\u00f5es <\/strong><\/h3>\n\n\n\n<p>O&nbsp;Comit\u00ea de Governan\u00e7a e Gest\u00e3o de Contrata\u00e7\u00f5es -CGGC \u00e9 o colegiado respons\u00e1vel por coordenar a governan\u00e7a de contrata\u00e7\u00f5es no munic\u00edpio de Pantanal do Norte\/MT.<\/p>\n\n\n\n<p>De acordo com a&nbsp;Portaria GP 2138\/2023,&nbsp;compete ao Comit\u00ea&nbsp;auxiliar a Administra\u00e7\u00e3o Municipal na condu\u00e7\u00e3o da pol\u00edtica de governan\u00e7a de contrata\u00e7\u00f5es e nas decis\u00f5es relacionadas ao tema;&nbsp;promover, sustentar e garantir a efetividade da governan\u00e7a de contrata\u00e7\u00f5es; promover o alinhamento das contrata\u00e7\u00f5es ao planejamento estrat\u00e9gico e \u00e0s leis or\u00e7ament\u00e1rias;&nbsp;coordenar a elabora\u00e7\u00e3o e monitorar o desempenho do Plano Anual de Contrata\u00e7\u00f5es, quando elaborado;&nbsp;monitorar o desempenho e assegurar o cumprimento das a\u00e7\u00f5es listadas no Plano de Tratamento de Riscos do Macroprocesso de Contrata\u00e7\u00f5es (quando realizado), entre outras.<\/p>\n\n\n\n<h3 class=\"wp-block-heading\">3. <strong>Sistemas Corporativos Utilizados <\/strong><\/h3>\n\n\n\n<p>As informa\u00e7\u00f5es relacionadas com o processo de contrata\u00e7\u00e3o est\u00e3o registradas no Sistema Integrado de Administra\u00e7\u00e3o e Servi\u00e7os Gerais \u2013 SIASG, Compras Governamentais \u2013 Compras.gov.br, Painel de Custeio do Minist\u00e9rio da Economia, Tesouro Gerencial, Sistema Eletr\u00f4nico de Informa\u00e7\u00f5es \u2013 SEI, Sistema de Planejamento e Gerenciamento de Contrata\u00e7\u00f5es \u2013 PGC, Sistema ETP Digital, Sistema TR Digital, Compras Contratos, Portal da Transpar\u00eancia da Controladoria-Geral da Uni\u00e3o, Portal Nacional de Contrata\u00e7\u00f5es P\u00fablicas \u2013 PNCP, bem como sistemas corporativos da organiza\u00e7\u00e3o.<\/p>\n\n\n\n<p><\/p>\n<\/div>\n<\/div>\n","protected":false},"excerpt":{"rendered":"<p>Central de Compras 1. Organograma da Central de Compras 2. Comit\u00ea de Governan\u00e7a e Gest\u00e3o de Contrata\u00e7\u00f5es O&nbsp;Comit\u00ea de Governan\u00e7a e Gest\u00e3o de Contrata\u00e7\u00f5es -CGGC \u00e9 o colegiado respons\u00e1vel por coordenar a governan\u00e7a de contrata\u00e7\u00f5es no munic\u00edpio de Pantanal do Norte\/MT. De acordo com a&nbsp;Portaria GP 2138\/2023,&nbsp;compete ao Comit\u00ea&nbsp;auxiliar a Administra\u00e7\u00e3o Municipal na condu\u00e7\u00e3o da&hellip; <br \/> <a class=\"read-more\" href=\"https:\/\/www.professorkleberson.com.br\/inicio\/prefeitura-pantanal-do-norte-mt-central\/\">Leia mais<\/a><\/p>\n","protected":false},"author":1,"featured_media":0,"parent":0,"menu_order":0,"comment_status":"closed","ping_status":"closed","template":"","meta":{"footnotes":"[]"},"class_list":["post-256","page","type-page","status-publish","hentry"],"_links":{"self":[{"href":"https:\/\/www.professorkleberson.com.br\/inicio\/wp-json\/wp\/v2\/pages\/256","targetHints":{"allow":["GET"]}}],"collection":[{"href":"https:\/\/www.professorkleberson.com.br\/inicio\/wp-json\/wp\/v2\/pages"}],"about":[{"href":"https:\/\/www.professorkleberson.com.br\/inicio\/wp-json\/wp\/v2\/types\/page"}],"author":[{"embeddable":true,"href":"https:\/\/www.professorkleberson.com.br\/inicio\/wp-json\/wp\/v2\/users\/1"}],"replies":[{"embeddable":true,"href":"https:\/\/www.professorkleberson.com.br\/inicio\/wp-json\/wp\/v2\/comments?post=256"}],"version-history":[{"count":3,"href":"https:\/\/www.professorkleberson.com.br\/inicio\/wp-json\/wp\/v2\/pages\/256\/revisions"}],"predecessor-version":[{"id":296,"href":"https:\/\/www.professorkleberson.com.br\/inicio\/wp-json\/wp\/v2\/pages\/256\/revisions\/296"}],"wp:attachment":[{"href":"https:\/\/www.professorkleberson.com.br\/inicio\/wp-json\/wp\/v2\/media?parent=256"}],"curies":[{"name":"wp","href":"https:\/\/api.w.org\/{rel}","templated":true}]}}