{"id":260,"date":"2024-02-14T13:58:04","date_gmt":"2024-02-14T13:58:04","guid":{"rendered":"https:\/\/www.professorkleberson.com.br\/inicio\/?page_id=260"},"modified":"2024-02-14T11:27:55","modified_gmt":"2024-02-14T14:27:55","slug":"prefeitura-pantanal-do-norte-mt-riscos","status":"publish","type":"page","link":"https:\/\/www.professorkleberson.com.br\/inicio\/prefeitura-pantanal-do-norte-mt-riscos\/","title":{"rendered":"Prefeitura Pantanal do Norte\/MT &#8211; Gest\u00e3o de Riscos"},"content":{"rendered":"\n<div class=\"wp-block-columns is-layout-flex wp-container-core-columns-is-layout-9d6595d7 wp-block-columns-is-layout-flex\">\n<div class=\"wp-block-column is-layout-flow wp-block-column-is-layout-flow\" style=\"flex-basis:33.33%\">\n<div class=\"wp-block-buttons is-layout-flex wp-block-buttons-is-layout-flex\"><\/div>\n\n\n\n<div class=\"wp-block-buttons has-custom-font-size has-small-font-size is-content-justification-center is-nowrap is-layout-flex wp-container-core-buttons-is-layout-1fb9aab6 wp-block-buttons-is-layout-flex\">\n<div class=\"wp-block-button has-custom-width wp-block-button__width-75 is-style-outline is-style-outline--1\"><a class=\"wp-block-button__link wp-element-button\" href=\"https:\/\/www.professorkleberson.com.br\/inicio\/prefeitura-pantanal-do-norte\/\">In\u00edcio<\/a><\/div>\n<\/div>\n\n\n\n<\/br>\n\n\n\n<div class=\"wp-block-buttons has-custom-font-size has-small-font-size is-content-justification-center is-nowrap is-layout-flex wp-container-core-buttons-is-layout-1fb9aab6 wp-block-buttons-is-layout-flex\">\n<div class=\"wp-block-button has-custom-width wp-block-button__width-75 is-style-fill\"><a class=\"wp-block-button__link wp-element-button\">1. Gest\u00e3o de Riscos (Etapas)<\/a><\/div>\n<\/div>\n\n\n\n<\/br>\n\n\n\n<div class=\"wp-block-buttons has-custom-font-size has-small-font-size is-content-justification-center is-nowrap is-layout-flex wp-container-core-buttons-is-layout-94bc23d7 wp-block-buttons-is-layout-flex\">\n<div class=\"wp-block-button has-custom-width wp-block-button__width-75 is-style-outline is-style-outline--2\"><a class=\"wp-block-button__link wp-element-button\" href=\"https:\/\/www.professorkleberson.com.br\/inicio\/prefeitura-pantanal-do-norte-mt-gestao-de-riscos-processos\/\">2. Processos (em Excel)<\/a><\/div>\n<\/div>\n\n\n\n<\/br>\n\n\n\n<div class=\"wp-block-buttons has-custom-font-size has-small-font-size is-content-justification-center is-nowrap is-layout-flex wp-container-core-buttons-is-layout-94bc23d7 wp-block-buttons-is-layout-flex\">\n<div class=\"wp-block-button has-custom-width wp-block-button__width-75 is-style-outline is-style-outline--3\"><a class=\"wp-block-button__link wp-element-button\" href=\"https:\/\/www.professorkleberson.com.br\/inicio\/prefeitura-pantanal-do-norte-mt-riscos-identificados\/\">3. Riscos Identificados<\/a><\/div>\n<\/div>\n\n\n\n<\/br>\n\n\n\n<div class=\"wp-block-buttons has-custom-font-size has-small-font-size is-content-justification-center is-nowrap is-layout-flex wp-container-core-buttons-is-layout-94bc23d7 wp-block-buttons-is-layout-flex\">\n<div class=\"wp-block-button has-custom-width wp-block-button__width-75 is-style-outline is-style-outline--4\"><a class=\"wp-block-button__link wp-element-button\" href=\"https:\/\/www.professorkleberson.com.br\/inicio\/prefeitura-pantanal-do-norte-mt-gestao-de-riscos\/\">4. Apetite a Riscos<\/a><\/div>\n<\/div>\n<\/div>\n\n\n\n<div class=\"wp-block-column is-layout-flow wp-block-column-is-layout-flow\" style=\"flex-basis:66.66%\">\n<h3 class=\"wp-block-heading\">1. Etapas da Gest\u00e3o de Riscos<\/h3>\n\n\n\n<p>Gerir riscos \u00e9 algo natural do ser humano. Por\u00e9m, em um sistema corporativo, tem como papel principal dar suporte \u00e0 governan\u00e7a e \u00e0 tomada de decis\u00f5es.<\/p>\n\n\n\n<p>A&nbsp;<strong>gest\u00e3o de riscos&nbsp;de Pantanal do Norte\/MT <\/strong>representa um&nbsp;dos mecanismos fundamentais de governan\u00e7a que prioriza as quest\u00f5es mais cr\u00edticas e serve de subs\u00eddio \u00e0 tomada de decis\u00f5es respons\u00e1vel e participativa para aloca\u00e7\u00e3o dos recursos dispon\u00edveis, de acordo com as quest\u00f5es mais cr\u00edticas e urgentes.<\/p>\n\n\n\n<p>Al\u00e9m disso, \u00e9 um processo que pode ser aplicado a qualquer atividade, projeto ou processo organizacional e em todos os n\u00edveis organizacionais, seja estrat\u00e9gico, t\u00e1tico ou operacional.<\/p>\n\n\n\n<p>O processo de gest\u00e3o de riscos pode ser resumido em 5 principais etapas:<\/p>\n\n\n\n<figure class=\"wp-block-table\"><table><tbody><tr><td><strong>Contextualiza\u00e7\u00e3o<\/strong><\/td><td><strong>Identifica\u00e7\u00e3o<\/strong><\/td><td><strong>An\u00e1lise<\/strong><\/td><td><strong>Avalia\u00e7\u00e3o e Tratamento<\/strong><\/td><td><strong>Monitoramento e Comunica\u00e7\u00e3o<\/strong><\/td><\/tr><tr><td>Prepara\u00e7\u00e3o do escopo e planejamento da gest\u00e3o dos riscos, al\u00e9m da an\u00e1lise de ambiente interno e externo.<\/td><td>Identifica\u00e7\u00e3o e descri\u00e7\u00e3o dos riscos em cada evento com suas causas e consequ\u00eancias.<\/td><td>Levantamento e an\u00e1lise de efic\u00e1cia dos controles existentes; an\u00e1lise de probabilidade de ocorr\u00eancia do evento e do impacto das consequ\u00eancias nos objetivos.<\/td><td>Resposta aos riscos e elabora\u00e7\u00e3o do plano de a\u00e7\u00f5es para tratamento dos riscos, conforme a criticidade de n\u00edvel de risco.<\/td><td>Acompanhamento dos riscos, altera\u00e7\u00f5es de cen\u00e1rios e de n\u00edvel de criticidade, considerando a comunica\u00e7\u00e3o e envolvimento de todas as partes interessadas que possam influenciar ou serem influenciadas pelas decis\u00f5es tomadas.<\/td><\/tr><\/tbody><\/table><\/figure>\n\n\n\n<p><\/p>\n<\/div>\n<\/div>\n","protected":false},"excerpt":{"rendered":"<p>1. Etapas da Gest\u00e3o de Riscos Gerir riscos \u00e9 algo natural do ser humano. Por\u00e9m, em um sistema corporativo, tem como papel principal dar suporte \u00e0 governan\u00e7a e \u00e0 tomada de decis\u00f5es. A&nbsp;gest\u00e3o de riscos&nbsp;de Pantanal do Norte\/MT representa um&nbsp;dos mecanismos fundamentais de governan\u00e7a que prioriza as quest\u00f5es mais cr\u00edticas e serve de subs\u00eddio \u00e0&hellip; <br \/> <a class=\"read-more\" href=\"https:\/\/www.professorkleberson.com.br\/inicio\/prefeitura-pantanal-do-norte-mt-riscos\/\">Leia mais<\/a><\/p>\n","protected":false},"author":1,"featured_media":0,"parent":0,"menu_order":0,"comment_status":"closed","ping_status":"closed","template":"","meta":{"footnotes":"[]"},"class_list":["post-260","page","type-page","status-publish","hentry"],"_links":{"self":[{"href":"https:\/\/www.professorkleberson.com.br\/inicio\/wp-json\/wp\/v2\/pages\/260","targetHints":{"allow":["GET"]}}],"collection":[{"href":"https:\/\/www.professorkleberson.com.br\/inicio\/wp-json\/wp\/v2\/pages"}],"about":[{"href":"https:\/\/www.professorkleberson.com.br\/inicio\/wp-json\/wp\/v2\/types\/page"}],"author":[{"embeddable":true,"href":"https:\/\/www.professorkleberson.com.br\/inicio\/wp-json\/wp\/v2\/users\/1"}],"replies":[{"embeddable":true,"href":"https:\/\/www.professorkleberson.com.br\/inicio\/wp-json\/wp\/v2\/comments?post=260"}],"version-history":[{"count":3,"href":"https:\/\/www.professorkleberson.com.br\/inicio\/wp-json\/wp\/v2\/pages\/260\/revisions"}],"predecessor-version":[{"id":273,"href":"https:\/\/www.professorkleberson.com.br\/inicio\/wp-json\/wp\/v2\/pages\/260\/revisions\/273"}],"wp:attachment":[{"href":"https:\/\/www.professorkleberson.com.br\/inicio\/wp-json\/wp\/v2\/media?parent=260"}],"curies":[{"name":"wp","href":"https:\/\/api.w.org\/{rel}","templated":true}]}}