{"id":263,"date":"2024-02-14T14:00:54","date_gmt":"2024-02-14T14:00:54","guid":{"rendered":"https:\/\/www.professorkleberson.com.br\/inicio\/?page_id=263"},"modified":"2024-02-14T11:29:13","modified_gmt":"2024-02-14T14:29:13","slug":"prefeitura-pantanal-do-norte-mt-gestao-de-riscos-processos","status":"publish","type":"page","link":"https:\/\/www.professorkleberson.com.br\/inicio\/prefeitura-pantanal-do-norte-mt-gestao-de-riscos-processos\/","title":{"rendered":"Prefeitura Pantanal do Norte\/MT &#8211; Gest\u00e3o de Riscos"},"content":{"rendered":"\n<div class=\"wp-block-columns is-layout-flex wp-container-core-columns-is-layout-9d6595d7 wp-block-columns-is-layout-flex\">\n<div class=\"wp-block-column is-layout-flow wp-block-column-is-layout-flow\" style=\"flex-basis:33.33%\">\n<div class=\"wp-block-buttons is-layout-flex wp-block-buttons-is-layout-flex\"><\/div>\n\n\n\n<div class=\"wp-block-buttons has-custom-font-size has-small-font-size is-content-justification-center is-nowrap is-layout-flex wp-container-core-buttons-is-layout-1fb9aab6 wp-block-buttons-is-layout-flex\">\n<div class=\"wp-block-button has-custom-width wp-block-button__width-75 is-style-outline is-style-outline--1\"><a class=\"wp-block-button__link wp-element-button\" href=\"https:\/\/www.professorkleberson.com.br\/inicio\/prefeitura-pantanal-do-norte\/\">In\u00edcio<\/a><\/div>\n<\/div>\n\n\n\n<\/br>\n\n\n\n<div class=\"wp-block-buttons has-custom-font-size has-small-font-size is-content-justification-center is-nowrap is-layout-flex wp-container-core-buttons-is-layout-1fb9aab6 wp-block-buttons-is-layout-flex\">\n<div class=\"wp-block-button has-custom-width wp-block-button__width-75 is-style-outline is-style-outline--2\"><a class=\"wp-block-button__link wp-element-button\" href=\"https:\/\/www.professorkleberson.com.br\/inicio\/prefeitura-pantanal-do-norte-mt-riscos\/\">1. Gest\u00e3o de Riscos (Etapas)<\/a><\/div>\n<\/div>\n\n\n\n<\/br>\n\n\n\n<div class=\"wp-block-buttons has-custom-font-size has-small-font-size is-content-justification-center is-nowrap is-layout-flex wp-container-core-buttons-is-layout-94bc23d7 wp-block-buttons-is-layout-flex\">\n<div class=\"wp-block-button has-custom-width wp-block-button__width-75 is-style-fill\"><a class=\"wp-block-button__link wp-element-button\">2. Processos (em Excel)<\/a><\/div>\n<\/div>\n\n\n\n<\/br>\n\n\n\n<div class=\"wp-block-buttons has-custom-font-size has-small-font-size is-content-justification-center is-nowrap is-layout-flex wp-container-core-buttons-is-layout-94bc23d7 wp-block-buttons-is-layout-flex\">\n<div class=\"wp-block-button has-custom-width wp-block-button__width-75 is-style-outline is-style-outline--3\"><a class=\"wp-block-button__link wp-element-button\" href=\"https:\/\/www.professorkleberson.com.br\/inicio\/prefeitura-pantanal-do-norte-mt-riscos-identificados\/\">3. Riscos Identificados<\/a><\/div>\n<\/div>\n\n\n\n<\/br>\n\n\n\n<div class=\"wp-block-buttons has-custom-font-size has-small-font-size is-content-justification-center is-nowrap is-layout-flex wp-container-core-buttons-is-layout-94bc23d7 wp-block-buttons-is-layout-flex\">\n<div class=\"wp-block-button has-custom-width wp-block-button__width-75 is-style-outline is-style-outline--4\"><a class=\"wp-block-button__link wp-element-button\" href=\"https:\/\/www.professorkleberson.com.br\/inicio\/prefeitura-pantanal-do-norte-mt-gestao-de-riscos\/\">4. Apetite a Riscos<\/a><\/div>\n<\/div>\n<\/div>\n\n\n\n<div class=\"wp-block-column is-layout-flow wp-block-column-is-layout-flow\" style=\"flex-basis:66.66%\">\n<h3 class=\"wp-block-heading\">2. <strong>Processo de Gest\u00e3o de Riscos em Excel<\/strong><\/h3>\n\n\n\n<p>Enquanto n\u00e3o h\u00e1 um sistema implementado na Prefeitura de Pantanal do Norte\/MT, disponibilizamos o arquivo em Excel para facilitar a condu\u00e7\u00e3o do processo.&nbsp;<\/p>\n\n\n\n<p>Se precisar de aux\u00edlio para entender o funcionamento do processo na planilha, fique \u00e0 vontade para entrar em contato que prestaremos o devido apoio!<\/p>\n\n\n<div class='w3eden'><!-- WPDM Link Template: Default Template -->\n\n<div class=\"link-template-default card mb-2\">\n    <div class=\"card-body\">\n        <div class=\"media\">\n            <div class=\"mr-3 img-48\"><img decoding=\"async\" class=\"wpdm_icon\" alt=\"\u00edcone\"   src=\"https:\/\/www.professorkleberson.com.br\/inicio\/wp-content\/plugins\/download-manager\/assets\/file-type-icons\/xls.png\" \/><\/div>\n            <div class=\"media-body\">\n                <h3 class=\"package-title\"><a href='https:\/\/www.professorkleberson.com.br\/inicio\/download\/matriz-de-riscos-e-controles-licitacao\/'>Matriz de Riscos e Controles - Licita\u00e7\u00e3o<\/a><\/h3>\n                <div class=\"text-muted text-small\"><i class=\"fas fa-copy\"><\/i> 1  arquivo(s) <i class=\"fas fa-hdd ml-3\"><\/i> 31.24 KB<\/div>\n            <\/div>\n            <div class=\"ml-3\">\n                <a class='wpdm-download-link download-on-click btn btn-primary ' rel='nofollow' href='#' data-downloadurl=\"https:\/\/www.professorkleberson.com.br\/inicio\/download\/matriz-de-riscos-e-controles-licitacao\/?wpdmdl=267&refresh=69f36455ec9151777558613\">Download<\/a>\n            <\/div>\n        <\/div>\n    <\/div>\n<\/div>\n\n<\/div>\n\n\n<div class='w3eden'><!-- WPDM Link Template: Default Template -->\n\n<div class=\"link-template-default card mb-2\">\n    <div class=\"card-body\">\n        <div class=\"media\">\n            <div class=\"mr-3 img-48\"><img decoding=\"async\" class=\"wpdm_icon\" alt=\"\u00edcone\"   src=\"https:\/\/www.professorkleberson.com.br\/inicio\/wp-content\/plugins\/download-manager\/assets\/file-type-icons\/xls.png\" \/><\/div>\n            <div class=\"media-body\">\n                <h3 class=\"package-title\"><a href='https:\/\/www.professorkleberson.com.br\/inicio\/download\/matriz-de-riscos-e-controles-contratos\/'>Matriz de Riscos e Controles - Contratos<\/a><\/h3>\n                <div class=\"text-muted text-small\"><i class=\"fas fa-copy\"><\/i> 1  arquivo(s) <i class=\"fas fa-hdd ml-3\"><\/i> 28.65 KB<\/div>\n            <\/div>\n            <div class=\"ml-3\">\n                <a class='wpdm-download-link download-on-click btn btn-primary ' rel='nofollow' href='#' data-downloadurl=\"https:\/\/www.professorkleberson.com.br\/inicio\/download\/matriz-de-riscos-e-controles-contratos\/?wpdmdl=268&refresh=69f3645604df61777558614\">Download<\/a>\n            <\/div>\n        <\/div>\n    <\/div>\n<\/div>\n\n<\/div>\n\n\n\n<p><\/p>\n\n\n\n<p><\/p>\n<\/div>\n<\/div>\n","protected":false},"excerpt":{"rendered":"<p>2. Processo de Gest\u00e3o de Riscos em Excel Enquanto n\u00e3o h\u00e1 um sistema implementado na Prefeitura de Pantanal do Norte\/MT, disponibilizamos o arquivo em Excel para facilitar a condu\u00e7\u00e3o do processo.&nbsp; Se precisar de aux\u00edlio para entender o funcionamento do processo na planilha, fique \u00e0 vontade para entrar em contato que prestaremos o devido apoio!<\/p>\n","protected":false},"author":1,"featured_media":0,"parent":0,"menu_order":0,"comment_status":"closed","ping_status":"closed","template":"","meta":{"footnotes":"[]"},"class_list":["post-263","page","type-page","status-publish","hentry"],"_links":{"self":[{"href":"https:\/\/www.professorkleberson.com.br\/inicio\/wp-json\/wp\/v2\/pages\/263","targetHints":{"allow":["GET"]}}],"collection":[{"href":"https:\/\/www.professorkleberson.com.br\/inicio\/wp-json\/wp\/v2\/pages"}],"about":[{"href":"https:\/\/www.professorkleberson.com.br\/inicio\/wp-json\/wp\/v2\/types\/page"}],"author":[{"embeddable":true,"href":"https:\/\/www.professorkleberson.com.br\/inicio\/wp-json\/wp\/v2\/users\/1"}],"replies":[{"embeddable":true,"href":"https:\/\/www.professorkleberson.com.br\/inicio\/wp-json\/wp\/v2\/comments?post=263"}],"version-history":[{"count":7,"href":"https:\/\/www.professorkleberson.com.br\/inicio\/wp-json\/wp\/v2\/pages\/263\/revisions"}],"predecessor-version":[{"id":272,"href":"https:\/\/www.professorkleberson.com.br\/inicio\/wp-json\/wp\/v2\/pages\/263\/revisions\/272"}],"wp:attachment":[{"href":"https:\/\/www.professorkleberson.com.br\/inicio\/wp-json\/wp\/v2\/media?parent=263"}],"curies":[{"name":"wp","href":"https:\/\/api.w.org\/{rel}","templated":true}]}}