{"id":278,"date":"2024-02-14T11:22:36","date_gmt":"2024-02-14T14:22:36","guid":{"rendered":"https:\/\/www.professorkleberson.com.br\/inicio\/?page_id=278"},"modified":"2024-02-14T11:22:36","modified_gmt":"2024-02-14T14:22:36","slug":"prefeitura-pantanal-do-norte-mt-gestao-de-riscos","status":"publish","type":"page","link":"https:\/\/www.professorkleberson.com.br\/inicio\/prefeitura-pantanal-do-norte-mt-gestao-de-riscos\/","title":{"rendered":"Prefeitura Pantanal do Norte\/MT &#8211; Gest\u00e3o de Riscos"},"content":{"rendered":"\n<div class=\"wp-block-columns is-layout-flex wp-container-core-columns-is-layout-9d6595d7 wp-block-columns-is-layout-flex\">\n<div class=\"wp-block-column is-layout-flow wp-block-column-is-layout-flow\" style=\"flex-basis:33.33%\">\n<div class=\"wp-block-buttons is-layout-flex wp-block-buttons-is-layout-flex\"><\/div>\n\n\n\n<div class=\"wp-block-buttons has-custom-font-size has-small-font-size is-content-justification-center is-nowrap is-layout-flex wp-container-core-buttons-is-layout-1fb9aab6 wp-block-buttons-is-layout-flex\">\n<div class=\"wp-block-button has-custom-width wp-block-button__width-75 is-style-outline is-style-outline--1\"><a class=\"wp-block-button__link wp-element-button\" href=\"https:\/\/www.professorkleberson.com.br\/inicio\/prefeitura-pantanal-do-norte\/\">In\u00edcio<\/a><\/div>\n<\/div>\n\n\n\n<\/br>\n\n\n\n<div class=\"wp-block-buttons has-custom-font-size has-small-font-size is-content-justification-center is-nowrap is-layout-flex wp-container-core-buttons-is-layout-1fb9aab6 wp-block-buttons-is-layout-flex\">\n<div class=\"wp-block-button has-custom-width wp-block-button__width-75 is-style-outline is-style-outline--2\"><a class=\"wp-block-button__link wp-element-button\" href=\"https:\/\/www.professorkleberson.com.br\/inicio\/prefeitura-pantanal-do-norte-mt-riscos\/\">1. Gest\u00e3o de Riscos (Etapas)<\/a><\/div>\n<\/div>\n\n\n\n<\/br>\n\n\n\n<div class=\"wp-block-buttons has-custom-font-size has-small-font-size is-content-justification-center is-nowrap is-layout-flex wp-container-core-buttons-is-layout-94bc23d7 wp-block-buttons-is-layout-flex\">\n<div class=\"wp-block-button has-custom-width wp-block-button__width-75 is-style-outline is-style-outline--3\"><a class=\"wp-block-button__link wp-element-button\" href=\"https:\/\/www.professorkleberson.com.br\/inicio\/prefeitura-pantanal-do-norte-mt-gestao-de-riscos-processos\/\">2. Processos (em Excel)<\/a><\/div>\n<\/div>\n\n\n\n<\/br>\n\n\n\n<div class=\"wp-block-buttons has-custom-font-size has-small-font-size is-content-justification-center is-nowrap is-layout-flex wp-container-core-buttons-is-layout-94bc23d7 wp-block-buttons-is-layout-flex\">\n<div class=\"wp-block-button has-custom-width wp-block-button__width-75 is-style-outline is-style-outline--4\"><a class=\"wp-block-button__link wp-element-button\" href=\"https:\/\/www.professorkleberson.com.br\/inicio\/prefeitura-pantanal-do-norte-mt-riscos-identificados\/\">3. Riscos Identificados<\/a><\/div>\n<\/div>\n\n\n\n<\/br>\n\n\n\n<div class=\"wp-block-buttons has-custom-font-size has-small-font-size is-content-justification-center is-nowrap is-layout-flex wp-container-core-buttons-is-layout-94bc23d7 wp-block-buttons-is-layout-flex\">\n<div class=\"wp-block-button has-custom-width wp-block-button__width-75 is-style-fill\"><a class=\"wp-block-button__link wp-element-button\" href=\"https:\/\/www.professorkleberson.com.br\/inicio\/prefeitura-pantanal-do-norte-mt-contratacoes-legis\/\">4. Apetite a Riscos<\/a><\/div>\n<\/div>\n<\/div>\n\n\n\n<div class=\"wp-block-column is-layout-flow wp-block-column-is-layout-flow\" style=\"flex-basis:66.66%\">\n<h3 class=\"wp-block-heading\">4. <strong>Apetite a Riscos de Pantanal do Norte\/MT<\/strong><\/h3>\n\n\n\n<p><strong>Apetite a risco<\/strong> \u00e9 o n\u00edvel que a organiza\u00e7\u00e3o est\u00e1 disposta a aceitar para atingir os objetivos identificados no contexto analisado.<\/p>\n\n\n\n<p>A Prefeitura de Pantanal do Norte conta com o\u00a0Comit\u00ea de Governan\u00e7a e Gest\u00e3o Estrat\u00e9gica \u2013 CGGE\u00a0para monitorar, avaliar, revisar e propor altera\u00e7\u00f5es na pol\u00edtica de gest\u00e3o de riscos e controles; monitorar o tratamento dos riscos; analisar e encaminhar o relat\u00f3rio de an\u00e1lise cr\u00edtica e o mapa de riscos organizacionais \u00e0 Administra\u00e7\u00e3o Superior; al\u00e9m de propor o adequado grau de apetite a riscos do \u00f3rg\u00e3o.<\/p>\n\n\n\n<p><strong>Apetite:<\/strong>&nbsp;o CGGE aprovou como&nbsp; apetite a riscos de Pantanal do Norte\/MT o n\u00edvel&nbsp;<strong>M\u00c9DIO<\/strong>&nbsp;para aceita\u00e7\u00e3o dos riscos, \u00e0 crit\u00e9rio do respons\u00e1vel pelo risco. A partir do n\u00edvel ALTO, os riscos devem necessariamente ser tratados.<\/p>\n\n\n\n<p><\/p>\n\n\n\n<p><\/p>\n<\/div>\n<\/div>\n","protected":false},"excerpt":{"rendered":"<p>4. Apetite a Riscos de Pantanal do Norte\/MT Apetite a risco \u00e9 o n\u00edvel que a organiza\u00e7\u00e3o est\u00e1 disposta a aceitar para atingir os objetivos identificados no contexto analisado. A Prefeitura de Pantanal do Norte conta com o\u00a0Comit\u00ea de Governan\u00e7a e Gest\u00e3o Estrat\u00e9gica \u2013 CGGE\u00a0para monitorar, avaliar, revisar e propor altera\u00e7\u00f5es na pol\u00edtica de gest\u00e3o&hellip; <br \/> <a class=\"read-more\" href=\"https:\/\/www.professorkleberson.com.br\/inicio\/prefeitura-pantanal-do-norte-mt-gestao-de-riscos\/\">Leia mais<\/a><\/p>\n","protected":false},"author":1,"featured_media":0,"parent":0,"menu_order":0,"comment_status":"closed","ping_status":"closed","template":"","meta":{"footnotes":"[]"},"class_list":["post-278","page","type-page","status-publish","hentry"],"_links":{"self":[{"href":"https:\/\/www.professorkleberson.com.br\/inicio\/wp-json\/wp\/v2\/pages\/278","targetHints":{"allow":["GET"]}}],"collection":[{"href":"https:\/\/www.professorkleberson.com.br\/inicio\/wp-json\/wp\/v2\/pages"}],"about":[{"href":"https:\/\/www.professorkleberson.com.br\/inicio\/wp-json\/wp\/v2\/types\/page"}],"author":[{"embeddable":true,"href":"https:\/\/www.professorkleberson.com.br\/inicio\/wp-json\/wp\/v2\/users\/1"}],"replies":[{"embeddable":true,"href":"https:\/\/www.professorkleberson.com.br\/inicio\/wp-json\/wp\/v2\/comments?post=278"}],"version-history":[{"count":1,"href":"https:\/\/www.professorkleberson.com.br\/inicio\/wp-json\/wp\/v2\/pages\/278\/revisions"}],"predecessor-version":[{"id":279,"href":"https:\/\/www.professorkleberson.com.br\/inicio\/wp-json\/wp\/v2\/pages\/278\/revisions\/279"}],"wp:attachment":[{"href":"https:\/\/www.professorkleberson.com.br\/inicio\/wp-json\/wp\/v2\/media?parent=278"}],"curies":[{"name":"wp","href":"https:\/\/api.w.org\/{rel}","templated":true}]}}