{"id":301,"date":"2024-02-17T10:42:40","date_gmt":"2024-02-17T13:42:40","guid":{"rendered":"https:\/\/www.professorkleberson.com.br\/inicio\/?page_id=301"},"modified":"2024-02-17T11:15:03","modified_gmt":"2024-02-17T14:15:03","slug":"prefeitura-pantanal-do-norte-mt-auditorias-realizadas","status":"publish","type":"page","link":"https:\/\/www.professorkleberson.com.br\/inicio\/prefeitura-pantanal-do-norte-mt-auditorias-realizadas\/","title":{"rendered":"Prefeitura Pantanal do Norte\/MT &#8211; Auditorias Realizadas"},"content":{"rendered":"\n<div class=\"wp-block-columns is-layout-flex wp-container-core-columns-is-layout-9d6595d7 wp-block-columns-is-layout-flex\">\n<div class=\"wp-block-column is-layout-flow wp-block-column-is-layout-flow\" style=\"flex-basis:33.33%\">\n<div class=\"wp-block-buttons is-layout-flex wp-block-buttons-is-layout-flex\"><\/div>\n\n\n\n<div class=\"wp-block-buttons has-custom-font-size has-small-font-size is-content-justification-center is-nowrap is-layout-flex wp-container-core-buttons-is-layout-1fb9aab6 wp-block-buttons-is-layout-flex\">\n<div class=\"wp-block-button has-custom-width wp-block-button__width-75 is-style-outline is-style-outline--1\"><a class=\"wp-block-button__link wp-element-button\" href=\"https:\/\/www.professorkleberson.com.br\/inicio\/prefeitura-pantanal-do-norte\/\">In\u00edcio<\/a><\/div>\n<\/div>\n\n\n\n<\/br>\n\n\n\n<div class=\"wp-block-buttons has-custom-font-size has-small-font-size is-content-justification-center is-nowrap is-layout-flex wp-container-core-buttons-is-layout-1fb9aab6 wp-block-buttons-is-layout-flex\">\n<div class=\"wp-block-button has-custom-width wp-block-button__width-75 is-style-outline is-style-outline--2\"><a class=\"wp-block-button__link wp-element-button\" href=\"https:\/\/www.professorkleberson.com.br\/inicio\/prefeitura-pantanal-do-norte-mt-auditorias-entrevistas\/\">1. Entrevistas<\/a><\/div>\n<\/div>\n\n\n\n<\/br>\n\n\n\n<div class=\"wp-block-buttons has-custom-font-size has-small-font-size is-content-justification-center is-nowrap is-layout-flex wp-container-core-buttons-is-layout-94bc23d7 wp-block-buttons-is-layout-flex\">\n<div class=\"wp-block-button has-custom-width wp-block-button__width-75 is-style-fill\"><a class=\"wp-block-button__link wp-element-button\">2. Processo de Penaliza\u00e7\u00e3o<\/a><\/div>\n<\/div>\n\n\n\n<\/br>\n\n\n\n<div class=\"wp-block-buttons has-custom-font-size has-small-font-size is-content-justification-center is-nowrap is-layout-flex wp-container-core-buttons-is-layout-94bc23d7 wp-block-buttons-is-layout-flex\">\n<div class=\"wp-block-button has-custom-width wp-block-button__width-75 is-style-outline is-style-outline--3\"><a class=\"wp-block-button__link wp-element-button\" href=\"https:\/\/www.professorkleberson.com.br\/inicio\/prefeitura-pantanal-do-norte-mt-auditorias-realizadas-2\/\">3. Relat\u00f3rio de Auditoria<\/a><\/div>\n<\/div>\n\n\n\n<\/br>\n\n\n\n<div class=\"wp-block-buttons has-custom-font-size has-small-font-size is-content-justification-center is-nowrap is-layout-flex wp-container-core-buttons-is-layout-94bc23d7 wp-block-buttons-is-layout-flex\"><\/div>\n<\/div>\n\n\n\n<div class=\"wp-block-column is-layout-flow wp-block-column-is-layout-flow\" style=\"flex-basis:66.66%\">\n<h3 class=\"wp-block-heading\">2. Processo de Penaliza\u00e7\u00e3o de Licitantes<\/h3>\n\n\n\n<p class=\"has-text-align-center\"><br><strong>ESTADO DE MATO GROSSO<\/strong><br><strong>PREFEITURA MUNICIPAL DE PANTANAL DO NORTE\/MT<\/strong><br><\/p>\n\n\n\n<figure class=\"wp-block-table\"><table><tbody><tr><td colspan=\"2\"><strong>PROCESSOS DE PENALIDADES A LICITANTES<\/strong><\/td><\/tr><tr><td><strong>Empresa<\/strong><\/td><td>MEDPAN COM\u00c9RCIO DE MEDICAMENTOS LTDA<\/td><\/tr><tr><td><strong>CNPJ<\/strong><\/td><td>01.234.567\/0001-99<\/td><\/tr><tr><td><strong>Pena a que se sujeita<\/strong><\/td><td>Multa e impedimento de licitar e contratar com o munic\u00edpio pelo prazo de tr\u00eas anos<\/td><\/tr><tr><td><strong>Per\u00edodo de vig\u00eancia<\/strong><\/td><td>&nbsp;<\/td><\/tr><tr><td><strong>Motivo<\/strong><\/td><td>N\u00e3o entregar materiais<\/td><\/tr><tr><td><strong>N\u00ba do processo<\/strong><\/td><td>08.661.003592\/2022-72<\/td><\/tr><tr><td><strong>Data de in\u00edcio do processo<\/strong><\/td><td>10.08.2022<\/td><\/tr><tr><td><strong>Fase do processo<\/strong><\/td><td>Fase inicial\/autua\u00e7\u00e3o. Iniciado em 10.08.2021<\/td><\/tr><tr><td><\/td><td>&nbsp;<\/td><\/tr><tr><td><strong>Empresa<\/strong><\/td><td>RAPA CANOA PRESTADORA DE SERVI\u00c7OS LTDA<\/td><\/tr><tr><td><strong>CNPJ<\/strong><\/td><td>02.345.678\/0001-00<\/td><\/tr><tr><td><strong>Pena a que se sujeita<\/strong><\/td><td>Inidoneidade pelo per\u00edodo de tr\u00eas a cinco anos<\/td><\/tr><tr><td><strong>Per\u00edodo de vig\u00eancia<\/strong><\/td><td>&nbsp;<\/td><\/tr><tr><td><strong>Motivo<\/strong><\/td><td>Fraudar licita\u00e7\u00e3o (Preg\u00e3o n\u00ba 01\/2022 \u2013 Limpeza)<\/td><\/tr><tr><td><strong>N\u00ba do processo<\/strong><\/td><td>08.661.000873\/2023-73<\/td><\/tr><tr><td><strong>Data de in\u00edcio do processo<\/strong><\/td><td>01.04.2023<\/td><\/tr><tr><td><strong>Fase do processo:<\/strong><\/td><td>An\u00e1lise e decis\u00e3o da defesa pr\u00e9via<\/td><\/tr><\/tbody><\/table><\/figure>\n\n\n\n<p>Pantanal do Norte\/MT, 14 de mar\u00e7o de 2018.<\/p>\n\n\n\n<p>Maria Carcar\u00e1&nbsp;&nbsp;&nbsp;&nbsp;&nbsp;&nbsp;&nbsp;&nbsp;&nbsp;&nbsp;&nbsp;&nbsp;&nbsp;&nbsp;&nbsp;&nbsp;&nbsp;&nbsp;&nbsp;&nbsp;&nbsp;&nbsp;&nbsp;&nbsp;&nbsp;&nbsp;&nbsp;&nbsp;&nbsp;&nbsp;&nbsp;&nbsp;&nbsp;&nbsp;&nbsp;&nbsp;&nbsp;&nbsp;&nbsp;&nbsp;&nbsp;&nbsp;&nbsp;&nbsp;&nbsp;&nbsp;&nbsp;&nbsp;&nbsp;&nbsp;&nbsp; Joana Capivara<\/p>\n\n\n\n<p>Diretora de Compras&nbsp;&nbsp;&nbsp;&nbsp;&nbsp;&nbsp;&nbsp;&nbsp;&nbsp;&nbsp;&nbsp;&nbsp;&nbsp;&nbsp;&nbsp;&nbsp;&nbsp;&nbsp;&nbsp;&nbsp;&nbsp;&nbsp;&nbsp;&nbsp;&nbsp;&nbsp;&nbsp;&nbsp;&nbsp;&nbsp;&nbsp;&nbsp;&nbsp;&nbsp;&nbsp;&nbsp;&nbsp;&nbsp;&nbsp;&nbsp;&nbsp; Coordenadora de Licita\u00e7\u00e3o<\/p>\n<\/div>\n<\/div>\n","protected":false},"excerpt":{"rendered":"<p>2. Processo de Penaliza\u00e7\u00e3o de Licitantes ESTADO DE MATO GROSSOPREFEITURA MUNICIPAL DE PANTANAL DO NORTE\/MT PROCESSOS DE PENALIDADES A LICITANTES Empresa MEDPAN COM\u00c9RCIO DE MEDICAMENTOS LTDA CNPJ 01.234.567\/0001-99 Pena a que se sujeita Multa e impedimento de licitar e contratar com o munic\u00edpio pelo prazo de tr\u00eas anos Per\u00edodo de vig\u00eancia &nbsp; Motivo N\u00e3o entregar&hellip; <br \/> <a class=\"read-more\" href=\"https:\/\/www.professorkleberson.com.br\/inicio\/prefeitura-pantanal-do-norte-mt-auditorias-realizadas\/\">Leia mais<\/a><\/p>\n","protected":false},"author":1,"featured_media":0,"parent":0,"menu_order":0,"comment_status":"closed","ping_status":"closed","template":"","meta":{"footnotes":"[]"},"class_list":["post-301","page","type-page","status-publish","hentry"],"_links":{"self":[{"href":"https:\/\/www.professorkleberson.com.br\/inicio\/wp-json\/wp\/v2\/pages\/301","targetHints":{"allow":["GET"]}}],"collection":[{"href":"https:\/\/www.professorkleberson.com.br\/inicio\/wp-json\/wp\/v2\/pages"}],"about":[{"href":"https:\/\/www.professorkleberson.com.br\/inicio\/wp-json\/wp\/v2\/types\/page"}],"author":[{"embeddable":true,"href":"https:\/\/www.professorkleberson.com.br\/inicio\/wp-json\/wp\/v2\/users\/1"}],"replies":[{"embeddable":true,"href":"https:\/\/www.professorkleberson.com.br\/inicio\/wp-json\/wp\/v2\/comments?post=301"}],"version-history":[{"count":3,"href":"https:\/\/www.professorkleberson.com.br\/inicio\/wp-json\/wp\/v2\/pages\/301\/revisions"}],"predecessor-version":[{"id":318,"href":"https:\/\/www.professorkleberson.com.br\/inicio\/wp-json\/wp\/v2\/pages\/301\/revisions\/318"}],"wp:attachment":[{"href":"https:\/\/www.professorkleberson.com.br\/inicio\/wp-json\/wp\/v2\/media?parent=301"}],"curies":[{"name":"wp","href":"https:\/\/api.w.org\/{rel}","templated":true}]}}