{"id":45,"date":"2024-01-29T18:17:29","date_gmt":"2024-01-29T18:17:29","guid":{"rendered":"https:\/\/www.professorkleberson.com.br\/inicio\/?page_id=45"},"modified":"2024-02-11T14:27:12","modified_gmt":"2024-02-11T14:27:12","slug":"publicacoes-e-cursos","status":"publish","type":"page","link":"https:\/\/www.professorkleberson.com.br\/inicio\/publicacoes-e-cursos\/","title":{"rendered":"Publica\u00e7\u00f5es e Cursos"},"content":{"rendered":"\n<p>Veja abaixo onde encontrar as publica\u00e7\u00f5es e cursos promovidos pelo Professor Kleberson. <\/p>\n\n\n\n<hr class=\"wp-block-separator has-alpha-channel-opacity\"\/>\n\n\n\n<h2 class=\"wp-block-heading has-text-align-center\">Livros Editora F\u00f3rum<\/h2>\n\n\n\n<div class=\"wp-block-columns are-vertically-aligned-center is-layout-flex wp-container-core-columns-is-layout-9d6595d7 wp-block-columns-is-layout-flex\">\n<div class=\"wp-block-column is-vertically-aligned-center is-layout-flow wp-block-column-is-layout-flow\">\n<figure class=\"wp-block-image size-full\"><img loading=\"lazy\" decoding=\"async\" width=\"358\" height=\"311\" src=\"https:\/\/www.professorkleberson.com.br\/inicio\/wp-content\/uploads\/2024\/02\/livroauditoriabaseadaemrisco-2.png\" alt=\"\" class=\"wp-image-147\" srcset=\"https:\/\/www.professorkleberson.com.br\/inicio\/wp-content\/uploads\/2024\/02\/livroauditoriabaseadaemrisco-2.png 358w, https:\/\/www.professorkleberson.com.br\/inicio\/wp-content\/uploads\/2024\/02\/livroauditoriabaseadaemrisco-2-300x261.png 300w\" sizes=\"auto, (max-width: 358px) 100vw, 358px\" \/><\/figure>\n<\/div>\n\n\n\n<div class=\"wp-block-column is-vertically-aligned-center is-layout-flow wp-block-column-is-layout-flow\">\n<figure class=\"wp-block-image size-full\"><img loading=\"lazy\" decoding=\"async\" width=\"358\" height=\"311\" src=\"https:\/\/www.professorkleberson.com.br\/inicio\/wp-content\/uploads\/2024\/02\/livrocomocombater-1.png\" alt=\"\" class=\"wp-image-148\" srcset=\"https:\/\/www.professorkleberson.com.br\/inicio\/wp-content\/uploads\/2024\/02\/livrocomocombater-1.png 358w, https:\/\/www.professorkleberson.com.br\/inicio\/wp-content\/uploads\/2024\/02\/livrocomocombater-1-300x261.png 300w\" sizes=\"auto, (max-width: 358px) 100vw, 358px\" \/><\/figure>\n<\/div>\n\n\n\n<div class=\"wp-block-column is-vertically-aligned-center is-layout-flow wp-block-column-is-layout-flow\">\n<figure class=\"wp-block-image size-full\"><img loading=\"lazy\" decoding=\"async\" width=\"358\" height=\"311\" src=\"https:\/\/www.professorkleberson.com.br\/inicio\/wp-content\/uploads\/2024\/02\/livrodesperdicio-1.png\" alt=\"\" class=\"wp-image-149\" srcset=\"https:\/\/www.professorkleberson.com.br\/inicio\/wp-content\/uploads\/2024\/02\/livrodesperdicio-1.png 358w, https:\/\/www.professorkleberson.com.br\/inicio\/wp-content\/uploads\/2024\/02\/livrodesperdicio-1-300x261.png 300w\" sizes=\"auto, (max-width: 358px) 100vw, 358px\" \/><\/figure>\n<\/div>\n<\/div>\n\n\n\n<div class=\"wp-block-buttons is-content-justification-center is-layout-flex wp-container-core-buttons-is-layout-16018d1d wp-block-buttons-is-layout-flex\">\n<div class=\"wp-block-button\"><a class=\"wp-block-button__link has-text-align-center wp-element-button\" href=\"https:\/\/loja.editoraforum.com.br\/index.php?route=product\/search&amp;search=kleberson%20roberto%20de%20souza\">Acessar Editora<\/a><\/div>\n<\/div>\n\n\n\n<\/br>\n\n\n\n<hr class=\"wp-block-separator has-alpha-channel-opacity\"\/>\n\n\n\n<h2 class=\"wp-block-heading has-text-align-center\">Cursos 3R Capacita<\/h2>\n\n\n\n<div class=\"wp-block-columns are-vertically-aligned-center is-layout-flex wp-container-core-columns-is-layout-9d6595d7 wp-block-columns-is-layout-flex\">\n<div class=\"wp-block-column is-vertically-aligned-center is-layout-flow wp-block-column-is-layout-flow\">\n<figure class=\"wp-block-image size-full\"><img loading=\"lazy\" decoding=\"async\" width=\"358\" height=\"311\" src=\"https:\/\/www.professorkleberson.com.br\/inicio\/wp-content\/uploads\/2024\/02\/curso1.png\" alt=\"\" class=\"wp-image-154\" srcset=\"https:\/\/www.professorkleberson.com.br\/inicio\/wp-content\/uploads\/2024\/02\/curso1.png 358w, https:\/\/www.professorkleberson.com.br\/inicio\/wp-content\/uploads\/2024\/02\/curso1-300x261.png 300w\" sizes=\"auto, (max-width: 358px) 100vw, 358px\" \/><\/figure>\n<\/div>\n\n\n\n<div class=\"wp-block-column is-vertically-aligned-center is-layout-flow wp-block-column-is-layout-flow\">\n<figure class=\"wp-block-image size-full\"><img loading=\"lazy\" decoding=\"async\" width=\"358\" height=\"311\" src=\"https:\/\/www.professorkleberson.com.br\/inicio\/wp-content\/uploads\/2024\/02\/curso2.png\" alt=\"\" class=\"wp-image-155\" srcset=\"https:\/\/www.professorkleberson.com.br\/inicio\/wp-content\/uploads\/2024\/02\/curso2.png 358w, https:\/\/www.professorkleberson.com.br\/inicio\/wp-content\/uploads\/2024\/02\/curso2-300x261.png 300w\" sizes=\"auto, (max-width: 358px) 100vw, 358px\" \/><\/figure>\n<\/div>\n\n\n\n<div class=\"wp-block-column is-vertically-aligned-center is-layout-flow wp-block-column-is-layout-flow\">\n<figure class=\"wp-block-image size-full\"><img loading=\"lazy\" decoding=\"async\" width=\"358\" height=\"311\" src=\"https:\/\/www.professorkleberson.com.br\/inicio\/wp-content\/uploads\/2024\/02\/curso3.png\" alt=\"\" class=\"wp-image-156\" srcset=\"https:\/\/www.professorkleberson.com.br\/inicio\/wp-content\/uploads\/2024\/02\/curso3.png 358w, https:\/\/www.professorkleberson.com.br\/inicio\/wp-content\/uploads\/2024\/02\/curso3-300x261.png 300w\" sizes=\"auto, (max-width: 358px) 100vw, 358px\" \/><\/figure>\n<\/div>\n<\/div>\n\n\n\n<div class=\"wp-block-buttons is-content-justification-center is-layout-flex wp-container-core-buttons-is-layout-16018d1d wp-block-buttons-is-layout-flex\">\n<div class=\"wp-block-button is-style-fill\"><a class=\"wp-block-button__link has-text-align-center wp-element-button\" href=\"https:\/\/3rcapacita.com.br\/professor\/Kleberson\">Acessar todos os cursos 3R Capacita<\/a><\/div>\n<\/div>\n","protected":false},"excerpt":{"rendered":"<p>Veja abaixo onde encontrar as publica\u00e7\u00f5es e cursos promovidos pelo Professor Kleberson. Livros Editora F\u00f3rum Cursos 3R Capacita<\/p>\n","protected":false},"author":1,"featured_media":0,"parent":0,"menu_order":0,"comment_status":"closed","ping_status":"closed","template":"","meta":{"footnotes":""},"class_list":["post-45","page","type-page","status-publish","hentry"],"_links":{"self":[{"href":"https:\/\/www.professorkleberson.com.br\/inicio\/wp-json\/wp\/v2\/pages\/45","targetHints":{"allow":["GET"]}}],"collection":[{"href":"https:\/\/www.professorkleberson.com.br\/inicio\/wp-json\/wp\/v2\/pages"}],"about":[{"href":"https:\/\/www.professorkleberson.com.br\/inicio\/wp-json\/wp\/v2\/types\/page"}],"author":[{"embeddable":true,"href":"https:\/\/www.professorkleberson.com.br\/inicio\/wp-json\/wp\/v2\/users\/1"}],"replies":[{"embeddable":true,"href":"https:\/\/www.professorkleberson.com.br\/inicio\/wp-json\/wp\/v2\/comments?post=45"}],"version-history":[{"count":17,"href":"https:\/\/www.professorkleberson.com.br\/inicio\/wp-json\/wp\/v2\/pages\/45\/revisions"}],"predecessor-version":[{"id":160,"href":"https:\/\/www.professorkleberson.com.br\/inicio\/wp-json\/wp\/v2\/pages\/45\/revisions\/160"}],"wp:attachment":[{"href":"https:\/\/www.professorkleberson.com.br\/inicio\/wp-json\/wp\/v2\/media?parent=45"}],"curies":[{"name":"wp","href":"https:\/\/api.w.org\/{rel}","templated":true}]}}