{"id":6,"date":"2024-01-26T14:03:03","date_gmt":"2024-01-26T14:03:03","guid":{"rendered":"https:\/\/www.professorkleberson.com.br\/inicio\/mesmerize\/"},"modified":"2024-02-14T11:50:28","modified_gmt":"2024-02-14T11:50:28","slug":"mesmerize","status":"publish","type":"page","link":"https:\/\/www.professorkleberson.com.br\/inicio\/","title":{"rendered":"In\u00edcio"},"content":{"rendered":"<div  id=\"features-10\" style=\"background-color: #ffffff;\" data-label=\"Features\" data-id=\"features-16-card-bordered\" data-export-id=\"features-16-card-bordered\" data-category=\"features\" class=\"features-16-card-bordered content-section content-section-spacing\"><div  class=\"gridContainer\"> <div  class=\"row text-center\"><div  class=\"section-title-col\" data-type=\"column\"><h2  class=\"\" style=\"border-bottom-color: rgb(255, 152, 0);\">\u201cA vaidade \u00e9 um princ\u00edpio da corrup\u00e7\u00e3o\u201d<\/h2><h6  class=\"\">Machado de Assis \u2013 Dom Casmurro (1899)<\/h6>  <\/div> <\/div> <div  class=\"row spaced-cols\" data-type=\"row\"> <div  class=\"col-xs-12 col-sm-6 col-md-4\"> <div  class=\"card no-padding bordered y-move\"> <img  decoding=\"async\" class=\"face\" src=\"https:\/\/www.professorkleberson.com.br\/inicio\/wp-content\/uploads\/2024\/01\/klebersonfigurameio1.png\" title=\"Sobre\" alt=\"Sobre\"> <div  data-type=\"column\" class=\"col-padding-small col-padding-small-xs description-container\"> <h4  class=\"font-500\">Sobre o Professor<\/h4> <p  class=\"\">Kleberson \u00e9 Auditor Federal de Finan\u00e7as e Controle da Contradoria-Geral da Uni\u00e3o desde 2006. Formado em Ci\u00eancias Cont\u00e1beis pela UFMT e Mestre em Administra\u00e7\u00e3o P\u00fablica pela Funda\u00e7\u00e3o Get\u00falio Vargas \u2013 FGV.&nbsp;<\/p><\/div> <div  data-type=\"column\" class=\"col-padding-small col-padding-small-xs read-more-container\"><a class=\"read-more\" href=\"https:\/\/www.professorkleberson.com.br\/inicio\/sobre\" target=\"_self\" data-cp-link=\"1\" rel=\"noopener\">Saiba mais<\/a><\/div> <\/div><\/div> <div  class=\"col-xs-12 col-sm-6 col-md-4\"><div  class=\"card no-padding bordered y-move\"> <img  decoding=\"async\" class=\"face\" src=\"https:\/\/www.professorkleberson.com.br\/inicio\/wp-content\/uploads\/2024\/01\/klebersonfigurameio2.png\" title=\"Publica\u00e7\u00f5es\" alt=\"Publica\u00e7\u00f5es\"> <div  data-type=\"column\" class=\"col-padding-small col-padding-small-xs description-container\"> <h4  class=\"font-500\">Publica\u00e7\u00f5es e Cursos<\/h4> <p  class=\"\">Autor dos livros \u201cComo combater o desperd\u00edco no Setor P\u00fablico, Avalia\u00e7\u00e3o de Controles Internos nas Contrata\u00e7\u00f5es P\u00fablicas, Auditoria baseada em Riscos, Como combater a Corrup\u00e7\u00e3o em Licita\u00e7\u00f5es e Governan\u00e7a no Setor P\u00fablico.<\/p><\/div> <div  data-type=\"column\" class=\"col-padding-small col-padding-small-xs read-more-container\"><a class=\"read-more\" href=\"https:\/\/www.professorkleberson.com.br\/inicio\/publicacoes-e-cursos\" target=\"_self\" data-cp-link=\"1\" rel=\"noopener\">Saiba mais<\/a><\/div> <\/div><\/div> <div  class=\"col-xs-12 col-sm-6 col-md-4\"><div  class=\"card no-padding bordered y-move\"> <img  decoding=\"async\" class=\"face\" src=\"https:\/\/www.professorkleberson.com.br\/inicio\/wp-content\/uploads\/2024\/01\/klebersonfigurameio3.png\" title=\"Palestras e Contato\" alt=\"Palestras e Contato\"> <div  data-type=\"column\" class=\"col-padding-small col-padding-small-xs description-container\"> <h4  class=\"font-500\">Palestras<\/h4> <p  class=\"\">Palestrante em todo o Brasil nas \u00e1reas de auditoria governamental, gerenciamento de riscos na Administra\u00e7\u00e3o P\u00fablica, fraude em licita\u00e7\u00f5es e contratos, avalia\u00e7\u00e3o de controle internos no setor p\u00fablico, dentre outros temas relacionados.<\/p><\/div> <div  data-type=\"column\" class=\"col-padding-small col-padding-small-xs read-more-container\"><a class=\"read-more\" href=\"https:\/\/www.professorkleberson.com.br\/inicio\/palestras\" target=\"_self\" data-cp-link=\"1\" rel=\"noopener\">Saiba mais<\/a><\/div> <\/div><\/div> <\/div><\/div> <\/div><div  data-label=\"Content\" data-id=\"content--1\" data-export-id=\"content-2\" data-category=\"content\" class=\"content-2 content-section content-section-spacing\" id=\"content-1\" style=\"background-color: rgb(245, 250, 253);\"><div > <div  class=\"row middle-xs\"><div  class=\"col-sm-5 bg-image shadow-large-black\" data-bg=\"image\" style=\"background-image: url(&quot;https:\/\/www.professorkleberson.com.br\/inicio\/wp-content\/uploads\/2024\/01\/cropped-estudodecaso.png&quot;);\"><\/div> <div  class=\"col-sm-7 full-col-left-padding full-col-right-padding\"> <div  class=\"row\"> <div  data-type=\"column\" class=\"space-bottom-small content-title-col\"> <h5  class=\"\">AULA PR\u00c1TICA<\/h5> <h2  class=\"\">ESTUDO DE CASOS<\/h2> <p  class=\"\">An\u00e1lise de casos como confer\u00eancia de atestados de capacidade t\u00e9cnica apresentados pelas empresas, portais da transpar\u00eancia, verifica\u00e7\u00e3o de mapas, dentre diversas outras atividades que fazem parte da vida de um auditor.<\/p><\/div> <\/div> <div  class=\"row spaced-cols \" data-type=\"row\"> <div  class=\"col-xs-6\" data-type=\"column\"> <h5  class=\"\">CASOS REAIS<\/h5> <p  class=\"\">Situa\u00e7\u00f5es rotineiras que acontecem durante os trabalhos de campo.<\/p><\/div> <div  class=\"col-xs-6\" data-type=\"column\"><h5  class=\"\">SIMULA\u00c7\u00d5ES<\/h5> <p  class=\"\">Simula\u00e7\u00f5es de casos para voc\u00ea aperfeicoar as an\u00e1lises e relat\u00f3rios.<\/p><\/div> <div  class=\"col-xs-6\" data-type=\"column\"><h5  class=\"\">DOCUMENTOS<\/h5> <p  class=\"\">Diversos modelos de documentos para aprimorar seu conhecimento.&nbsp;<\/p><\/div> <div  class=\"col-xs-6\" data-type=\"column\"><h5  class=\"\">DOWNLOAD<\/h5> <p  class=\"\">Tenha acesso a diversos materiais e baixe gratuitamente.<\/p><a class=\"button blue\" href=\"https:\/\/www.professorkleberson.com.br\/inicio\/estudo-de-casos\" target=\"_self\" data-cp-link=\"1\" rel=\"noopener\">ACESSAR<\/a><\/div> <\/div><\/div> <\/div><\/div> <\/div><div  id=\"team-2\" style=\"background-color: #ffffff;\" data-label=\"Team\" data-id=\"team-2\" data-export-id=\"team-2\" data-category=\"team\" class=\"team-2 content-section content-section-spacing\"><div  class=\"gridContainer\"> <div  class=\"row text-center\"><div  class=\"section-title-col\" data-type=\"column\"> <h2  class=\"\">Links \u00dateis<\/h2> <p  class=\"lead\">Algumas sugest\u00f5es para voc\u00ea buscar novos conhecimentos<\/p><\/div> <\/div> <div  class=\"row spaced-cols content-center-sm\" data-type=\"row\"> <div  class=\"col-sm-6 col-md-3\"> <div  class=\"card y-move no-padding bordered\"> <a data-cp-link=\"1\" href=\"https:\/\/3rcapacita.com.br\/professor\/Kleberson\" target=\"_self\" rel=\"noopener\" class=\"\"><img  decoding=\"async\" class=\"face\" src=\"https:\/\/www.professorkleberson.com.br\/inicio\/wp-content\/uploads\/2024\/01\/cropped-cropped-team-04-1-1.png\" title=\"3R CAPACITA\" alt=\"\"><\/a> <div  data-type=\"column\" class=\"col-padding-small col-padding-small-xs description-container\"> <h4  class=\"font-500\">3R CAPACITA<\/h4> <p  class=\"small\" style=\"font-style: italic;\">Cursos e Capacita\u00e7\u00f5es<\/p> <div  class=\"social-icons-group\" data-type=\"group\"> <a href=\"https:\/\/3rcapacita.com.br\/professor\/Kleberson\" target=\"_self\" rel=\"noopener\" class=\"\"><i  class=\"gray fa icon fa-chain\"><\/i><\/a> <a href=\"https:\/\/www.professorkleberson.com.br\/inicio\" target=\"_self\" rel=\"noopener\" class=\"\" data-reiki-hidden=\"true\"><i  class=\"gray fa icon fa-twitter-square\"><\/i><\/a> <a href=\"https:\/\/www.professorkleberson.com.br\/inicio\" target=\"_self\" rel=\"noopener\" class=\"\" data-reiki-hidden=\"true\"><i  class=\"gray fa icon fa-linkedin-square\"><\/i><\/a> <a href=\"https:\/\/www.professorkleberson.com.br\/inicio\" target=\"_self\" rel=\"noopener\" class=\"\" data-reiki-hidden=\"true\"><i  class=\"gray fa icon fa-instagram\"><\/i><\/a><\/div> <\/div><\/div> <\/div>  <div  class=\"col-sm-6 col-md-3\"> <div  class=\"card y-move no-padding bordered\"> <a data-cp-link=\"1\" href=\"https:\/\/www.gov.br\/cgu\/pt-br\" target=\"_self\" rel=\"noopener\" class=\"\"><img  decoding=\"async\" class=\"face\" src=\"https:\/\/www.professorkleberson.com.br\/inicio\/wp-content\/uploads\/2024\/01\/team-02.png\" title=\"CGU\" alt=\"\"><\/a> <div  data-type=\"column\" class=\"col-padding-small col-padding-small-xs description-container\"> <h4  class=\"font-500\">CGU<\/h4> <p  class=\"small\" style=\"font-style: italic;\">Controladoria-Geral da Uni\u00e3o<\/p> <div  class=\"social-icons-group\" data-type=\"group\"> <a href=\"https:\/\/www.gov.br\/cgu\/pt-br\" target=\"_self\" rel=\"noopener\" class=\"\"><i  class=\"gray fa icon fa-chain\"><\/i><\/a> <a href=\"#\" target=\"_self\" data-reiki-hidden=\"true\" rel=\"noopener\"><i  class=\"gray fa icon fa-twitter-square\"><\/i><\/a> <a href=\"#\" target=\"_self\" data-reiki-hidden=\"true\" rel=\"noopener\"><i  class=\"gray fa icon fa-linkedin-square\"><\/i><\/a> <a href=\"#\" target=\"_self\" data-reiki-hidden=\"true\" rel=\"noopener\"><i  class=\"gray fa icon fa-google-plus-square\"><\/i><\/a><\/div> <\/div><\/div> <\/div> <div  class=\"col-sm-6 col-md-3\"> <div  class=\"card y-move no-padding bordered\"> <a data-cp-link=\"1\" href=\"https:\/\/portal.tcu.gov.br\/inicio\" target=\"_self\" rel=\"noopener\" class=\"\"><img  decoding=\"async\" class=\"face\" src=\"https:\/\/www.professorkleberson.com.br\/inicio\/wp-content\/uploads\/2024\/01\/team-03-1.png\" title=\"TCU\" alt=\"\"><\/a> <div  data-type=\"column\" class=\"col-padding-small col-padding-small-xs description-container\"> <h4  class=\"font-500\">TCU<\/h4> <p  class=\"small\" style=\"font-style: italic;\">Tribunal de Contas da Uni\u00e3o<\/p> <div  class=\"social-icons-group\" data-type=\"group\"> <a href=\"https:\/\/portal.tcu.gov.br\/inicio\" target=\"_self\" rel=\"noopener\" class=\"\"><i  class=\"gray fa icon fa-chain\"><\/i><\/a> <a href=\"#\" target=\"_self\" data-reiki-hidden=\"true\" rel=\"noopener\"><i  class=\"gray fa icon fa-twitter-square\"><\/i><\/a> <a href=\"#\" target=\"_self\" data-reiki-hidden=\"true\" rel=\"noopener\"><i  class=\"gray fa icon fa-linkedin-square\"><\/i><\/a> <a href=\"#\" target=\"_self\" data-reiki-hidden=\"true\" rel=\"noopener\"><i  class=\"gray fa icon fa-google-plus-square\"><\/i><\/a><\/div> <\/div><\/div> <\/div> <div  class=\"col-sm-6 col-md-3\"> <div  class=\"card y-move no-padding bordered\"> <a data-cp-link=\"1\" href=\"https:\/\/loja.editoraforum.com.br\/index.php?route=product%2Fsearch&amp;search=kleberson%20roberto%20de%20souza\" target=\"_self\" rel=\"noopener\" class=\"\"><img  decoding=\"async\" class=\"face\" src=\"https:\/\/www.professorkleberson.com.br\/inicio\/wp-content\/uploads\/2024\/02\/cropped-cropped-forum.png\" title=\"Editora Forum\" alt=\"\"><\/a> <div  data-type=\"column\" class=\"col-padding-small col-padding-small-xs description-container\"> <h4  class=\"font-500\">F\u00d3RUM<\/h4> <p  class=\"small\" style=\"font-style: italic;\">Editora e Loja de Livros<\/p> <div  class=\"social-icons-group\" data-type=\"group\"> <a href=\"https:\/\/loja.editoraforum.com.br\/index.php?route=product%2Fsearch&amp;search=kleberson%20roberto%20de%20souza\" target=\"_self\" rel=\"noopener\" class=\"\"><i  class=\"gray fa icon fa-chain\"><\/i><\/a> <a href=\"#\" target=\"_self\" data-reiki-hidden=\"true\" rel=\"noopener\"><i  class=\"gray fa icon fa-twitter-square\"><\/i><\/a> <a href=\"#\" target=\"_self\" data-reiki-hidden=\"true\" rel=\"noopener\"><i  class=\"gray fa icon fa-linkedin-square\"><\/i><\/a> <a href=\"#\" target=\"_self\" data-reiki-hidden=\"true\" rel=\"noopener\"><i  class=\"gray fa icon fa-google-plus-square\"><\/i><\/a><\/div> <\/div><\/div> <\/div>   <\/div> <\/div><\/div>","protected":false},"excerpt":{"rendered":"<p>\u201cA vaidade \u00e9 um princ\u00edpio da corrup\u00e7\u00e3o\u201dMachado de Assis \u2013 Dom Casmurro (1899) Sobre o Professor Kleberson \u00e9 Auditor Federal de Finan\u00e7as e Controle da Contradoria-Geral da Uni\u00e3o desde 2006. Formado em Ci\u00eancias Cont\u00e1beis pela UFMT e Mestre em Administra\u00e7\u00e3o P\u00fablica pela Funda\u00e7\u00e3o Get\u00falio Vargas \u2013 FGV.&nbsp; Saiba mais Publica\u00e7\u00f5es e Cursos Autor dos livros&hellip; <br \/> <a class=\"read-more\" href=\"https:\/\/www.professorkleberson.com.br\/inicio\/\">Leia mais<\/a><\/p>\n","protected":false},"author":1,"featured_media":0,"parent":0,"menu_order":0,"comment_status":"closed","ping_status":"closed","template":"page-templates\/homepage.php","meta":{"footnotes":""},"class_list":["post-6","page","type-page","status-publish","hentry"],"_links":{"self":[{"href":"https:\/\/www.professorkleberson.com.br\/inicio\/wp-json\/wp\/v2\/pages\/6","targetHints":{"allow":["GET"]}}],"collection":[{"href":"https:\/\/www.professorkleberson.com.br\/inicio\/wp-json\/wp\/v2\/pages"}],"about":[{"href":"https:\/\/www.professorkleberson.com.br\/inicio\/wp-json\/wp\/v2\/types\/page"}],"author":[{"embeddable":true,"href":"https:\/\/www.professorkleberson.com.br\/inicio\/wp-json\/wp\/v2\/users\/1"}],"replies":[{"embeddable":true,"href":"https:\/\/www.professorkleberson.com.br\/inicio\/wp-json\/wp\/v2\/comments?post=6"}],"version-history":[{"count":26,"href":"https:\/\/www.professorkleberson.com.br\/inicio\/wp-json\/wp\/v2\/pages\/6\/revisions"}],"predecessor-version":[{"id":191,"href":"https:\/\/www.professorkleberson.com.br\/inicio\/wp-json\/wp\/v2\/pages\/6\/revisions\/191"}],"wp:attachment":[{"href":"https:\/\/www.professorkleberson.com.br\/inicio\/wp-json\/wp\/v2\/media?parent=6"}],"curies":[{"name":"wp","href":"https:\/\/api.w.org\/{rel}","templated":true}]}}