{"id":62,"date":"2024-01-30T14:33:30","date_gmt":"2024-01-30T14:33:30","guid":{"rendered":"https:\/\/www.professorkleberson.com.br\/inicio\/?page_id=62"},"modified":"2024-02-14T13:36:49","modified_gmt":"2024-02-14T13:36:49","slug":"estudo-de-casos","status":"publish","type":"page","link":"https:\/\/www.professorkleberson.com.br\/inicio\/estudo-de-casos\/","title":{"rendered":"Estudo de Casos"},"content":{"rendered":"\n<p>Fa\u00e7a download de materiais gratuitos e simule casos pr\u00e1ticos. As cidades aqui relacionadas s\u00e3o fict\u00edcias.<\/p>\n\n\n\n<\/br>\n\n\n\n<div class=\"wp-block-buttons is-layout-flex wp-block-buttons-is-layout-flex\">\n<div class=\"wp-block-button is-style-fill\"><a class=\"wp-block-button__link has-white-color has-text-color has-link-color wp-element-button\" href=\"https:\/\/www.professorkleberson.com.br\/inicio\/prefeitura-pantanal-do-norte\/\">Prefeitura de Pantanal do Norte\/MT<\/a><\/div>\n<\/div>\n\n\n\n<\/br>\n\n\n\n<div class=\"wp-block-buttons is-layout-flex wp-block-buttons-is-layout-flex\"><\/div>\n","protected":false},"excerpt":{"rendered":"<p>Fa\u00e7a download de materiais gratuitos e simule casos pr\u00e1ticos. As cidades aqui relacionadas s\u00e3o fict\u00edcias.<\/p>\n","protected":false},"author":1,"featured_media":0,"parent":0,"menu_order":0,"comment_status":"closed","ping_status":"closed","template":"","meta":{"footnotes":""},"class_list":["post-62","page","type-page","status-publish","hentry"],"_links":{"self":[{"href":"https:\/\/www.professorkleberson.com.br\/inicio\/wp-json\/wp\/v2\/pages\/62","targetHints":{"allow":["GET"]}}],"collection":[{"href":"https:\/\/www.professorkleberson.com.br\/inicio\/wp-json\/wp\/v2\/pages"}],"about":[{"href":"https:\/\/www.professorkleberson.com.br\/inicio\/wp-json\/wp\/v2\/types\/page"}],"author":[{"embeddable":true,"href":"https:\/\/www.professorkleberson.com.br\/inicio\/wp-json\/wp\/v2\/users\/1"}],"replies":[{"embeddable":true,"href":"https:\/\/www.professorkleberson.com.br\/inicio\/wp-json\/wp\/v2\/comments?post=62"}],"version-history":[{"count":17,"href":"https:\/\/www.professorkleberson.com.br\/inicio\/wp-json\/wp\/v2\/pages\/62\/revisions"}],"predecessor-version":[{"id":247,"href":"https:\/\/www.professorkleberson.com.br\/inicio\/wp-json\/wp\/v2\/pages\/62\/revisions\/247"}],"wp:attachment":[{"href":"https:\/\/www.professorkleberson.com.br\/inicio\/wp-json\/wp\/v2\/media?parent=62"}],"curies":[{"name":"wp","href":"https:\/\/api.w.org\/{rel}","templated":true}]}}