{"id":67,"date":"2024-01-30T14:40:01","date_gmt":"2024-01-30T14:40:01","guid":{"rendered":"https:\/\/www.professorkleberson.com.br\/inicio\/?page_id=67"},"modified":"2024-02-14T11:51:55","modified_gmt":"2024-02-14T11:51:55","slug":"palestras","status":"publish","type":"page","link":"https:\/\/www.professorkleberson.com.br\/inicio\/palestras\/","title":{"rendered":"Palestras"},"content":{"rendered":"\n<p>Palestrante em todo o Brasil, seja de modo presencial ou online, nas seguintes \u00e1reas:<\/p>\n\n\n\n<ul class=\"wp-block-list\">\n<li>Auditoria governamental<\/li>\n\n\n\n<li>Gerenciamento de riscos na Administra\u00e7\u00e3o P\u00fablica<\/li>\n\n\n\n<li>Fraude em licita\u00e7\u00f5es e contratos<\/li>\n\n\n\n<li>Avalia\u00e7\u00e3o de controle internos no setor p\u00fablico<\/li>\n\n\n\n<li>Outros temas relacionados.<\/li>\n<\/ul>\n\n\n\n<br>\n\n\n\n<div class=\"wp-block-buttons is-layout-flex wp-container-core-buttons-is-layout-c07eda73 wp-block-buttons-is-layout-flex\">\n<div class=\"wp-block-button is-style-fill\"><a class=\"wp-block-button__link has-text-align-center wp-element-button\" href=\"https:\/\/www.professorkleberson.com.br\/inicio\/contato\/\">Clique aqui para entrar em contato<\/a><\/div>\n<\/div>\n\n\n\n<br>\n<br>\n\n\n\n<hr class=\"wp-block-separator has-alpha-channel-opacity\"\/>\n\n\n\n<br>\n<br>\n\n\n\n<figure class=\"wp-block-gallery has-nested-images columns-default is-cropped wp-block-gallery-1 is-layout-flex wp-block-gallery-is-layout-flex\">\n<figure class=\"wp-block-image size-large\"><img loading=\"lazy\" decoding=\"async\" width=\"600\" height=\"400\" data-id=\"14\" src=\"https:\/\/www.professorkleberson.com.br\/inicio\/wp-content\/uploads\/2024\/01\/klebersonfigurameio3.png\" alt=\"Palestras e Contato\" class=\"wp-image-14\" srcset=\"https:\/\/www.professorkleberson.com.br\/inicio\/wp-content\/uploads\/2024\/01\/klebersonfigurameio3.png 600w, https:\/\/www.professorkleberson.com.br\/inicio\/wp-content\/uploads\/2024\/01\/klebersonfigurameio3-300x200.png 300w\" sizes=\"auto, (max-width: 600px) 100vw, 600px\" \/><\/figure>\n\n\n\n<figure class=\"wp-block-image size-full\"><img loading=\"lazy\" decoding=\"async\" width=\"960\" height=\"720\" data-id=\"193\" src=\"https:\/\/www.professorkleberson.com.br\/inicio\/wp-content\/uploads\/2024\/02\/WhatsApp-Image-2024-02-13-at-20.11.32.jpeg\" alt=\"\" class=\"wp-image-193\" srcset=\"https:\/\/www.professorkleberson.com.br\/inicio\/wp-content\/uploads\/2024\/02\/WhatsApp-Image-2024-02-13-at-20.11.32.jpeg 960w, https:\/\/www.professorkleberson.com.br\/inicio\/wp-content\/uploads\/2024\/02\/WhatsApp-Image-2024-02-13-at-20.11.32-300x225.jpeg 300w, https:\/\/www.professorkleberson.com.br\/inicio\/wp-content\/uploads\/2024\/02\/WhatsApp-Image-2024-02-13-at-20.11.32-768x576.jpeg 768w\" sizes=\"auto, (max-width: 960px) 100vw, 960px\" \/><\/figure>\n\n\n\n<figure class=\"wp-block-image size-large\"><img loading=\"lazy\" decoding=\"async\" width=\"1024\" height=\"768\" data-id=\"194\" src=\"https:\/\/www.professorkleberson.com.br\/inicio\/wp-content\/uploads\/2024\/02\/WhatsApp-Image-2024-02-13-at-20.11.31-1024x768.jpeg\" alt=\"\" class=\"wp-image-194\" srcset=\"https:\/\/www.professorkleberson.com.br\/inicio\/wp-content\/uploads\/2024\/02\/WhatsApp-Image-2024-02-13-at-20.11.31-1024x768.jpeg 1024w, https:\/\/www.professorkleberson.com.br\/inicio\/wp-content\/uploads\/2024\/02\/WhatsApp-Image-2024-02-13-at-20.11.31-300x225.jpeg 300w, https:\/\/www.professorkleberson.com.br\/inicio\/wp-content\/uploads\/2024\/02\/WhatsApp-Image-2024-02-13-at-20.11.31-768x576.jpeg 768w, https:\/\/www.professorkleberson.com.br\/inicio\/wp-content\/uploads\/2024\/02\/WhatsApp-Image-2024-02-13-at-20.11.31.jpeg 1280w\" sizes=\"auto, (max-width: 1024px) 100vw, 1024px\" \/><\/figure>\n\n\n\n<figure class=\"wp-block-image size-large\"><img loading=\"lazy\" decoding=\"async\" width=\"1024\" height=\"768\" data-id=\"115\" src=\"https:\/\/www.professorkleberson.com.br\/inicio\/wp-content\/uploads\/2024\/01\/WhatsApp-Image-2024-01-23-at-16.41.35-1024x768.jpeg\" alt=\"\" class=\"wp-image-115\" srcset=\"https:\/\/www.professorkleberson.com.br\/inicio\/wp-content\/uploads\/2024\/01\/WhatsApp-Image-2024-01-23-at-16.41.35-1024x768.jpeg 1024w, https:\/\/www.professorkleberson.com.br\/inicio\/wp-content\/uploads\/2024\/01\/WhatsApp-Image-2024-01-23-at-16.41.35-300x225.jpeg 300w, https:\/\/www.professorkleberson.com.br\/inicio\/wp-content\/uploads\/2024\/01\/WhatsApp-Image-2024-01-23-at-16.41.35-768x576.jpeg 768w, https:\/\/www.professorkleberson.com.br\/inicio\/wp-content\/uploads\/2024\/01\/WhatsApp-Image-2024-01-23-at-16.41.35.jpeg 1280w\" sizes=\"auto, (max-width: 1024px) 100vw, 1024px\" \/><\/figure>\n\n\n\n<figure class=\"wp-block-image size-large\"><img loading=\"lazy\" decoding=\"async\" width=\"768\" height=\"1024\" data-id=\"114\" src=\"https:\/\/www.professorkleberson.com.br\/inicio\/wp-content\/uploads\/2024\/01\/WhatsApp-Image-2024-01-23-at-16.41.48-768x1024.jpeg\" alt=\"\" class=\"wp-image-114\" srcset=\"https:\/\/www.professorkleberson.com.br\/inicio\/wp-content\/uploads\/2024\/01\/WhatsApp-Image-2024-01-23-at-16.41.48-768x1024.jpeg 768w, https:\/\/www.professorkleberson.com.br\/inicio\/wp-content\/uploads\/2024\/01\/WhatsApp-Image-2024-01-23-at-16.41.48-225x300.jpeg 225w, https:\/\/www.professorkleberson.com.br\/inicio\/wp-content\/uploads\/2024\/01\/WhatsApp-Image-2024-01-23-at-16.41.48-810x1080.jpeg 810w, https:\/\/www.professorkleberson.com.br\/inicio\/wp-content\/uploads\/2024\/01\/WhatsApp-Image-2024-01-23-at-16.41.48.jpeg 960w\" sizes=\"auto, (max-width: 768px) 100vw, 768px\" \/><\/figure>\n\n\n\n<figure class=\"wp-block-image size-large\"><img loading=\"lazy\" decoding=\"async\" width=\"1024\" height=\"576\" data-id=\"111\" src=\"https:\/\/www.professorkleberson.com.br\/inicio\/wp-content\/uploads\/2024\/01\/WhatsApp-Image-2024-01-23-at-16.42.47-1024x576.jpeg\" alt=\"\" class=\"wp-image-111\" srcset=\"https:\/\/www.professorkleberson.com.br\/inicio\/wp-content\/uploads\/2024\/01\/WhatsApp-Image-2024-01-23-at-16.42.47-1024x576.jpeg 1024w, https:\/\/www.professorkleberson.com.br\/inicio\/wp-content\/uploads\/2024\/01\/WhatsApp-Image-2024-01-23-at-16.42.47-300x169.jpeg 300w, https:\/\/www.professorkleberson.com.br\/inicio\/wp-content\/uploads\/2024\/01\/WhatsApp-Image-2024-01-23-at-16.42.47-768x432.jpeg 768w, https:\/\/www.professorkleberson.com.br\/inicio\/wp-content\/uploads\/2024\/01\/WhatsApp-Image-2024-01-23-at-16.42.47.jpeg 1280w\" sizes=\"auto, (max-width: 1024px) 100vw, 1024px\" \/><\/figure>\n\n\n\n<figure class=\"wp-block-image size-large\"><img loading=\"lazy\" decoding=\"async\" width=\"1024\" height=\"682\" data-id=\"110\" src=\"https:\/\/www.professorkleberson.com.br\/inicio\/wp-content\/uploads\/2024\/01\/WhatsApp-Image-2024-01-23-at-16.44.23-1024x682.jpeg\" alt=\"\" class=\"wp-image-110\" srcset=\"https:\/\/www.professorkleberson.com.br\/inicio\/wp-content\/uploads\/2024\/01\/WhatsApp-Image-2024-01-23-at-16.44.23-1024x682.jpeg 1024w, https:\/\/www.professorkleberson.com.br\/inicio\/wp-content\/uploads\/2024\/01\/WhatsApp-Image-2024-01-23-at-16.44.23-300x200.jpeg 300w, https:\/\/www.professorkleberson.com.br\/inicio\/wp-content\/uploads\/2024\/01\/WhatsApp-Image-2024-01-23-at-16.44.23-768x512.jpeg 768w, https:\/\/www.professorkleberson.com.br\/inicio\/wp-content\/uploads\/2024\/01\/WhatsApp-Image-2024-01-23-at-16.44.23.jpeg 1280w\" sizes=\"auto, (max-width: 1024px) 100vw, 1024px\" \/><\/figure>\n\n\n\n<figure class=\"wp-block-image size-large\"><img loading=\"lazy\" decoding=\"async\" width=\"1024\" height=\"768\" data-id=\"109\" src=\"https:\/\/www.professorkleberson.com.br\/inicio\/wp-content\/uploads\/2024\/01\/WhatsApp-Image-2024-01-23-at-16.44.32-1024x768.jpeg\" alt=\"\" class=\"wp-image-109\" srcset=\"https:\/\/www.professorkleberson.com.br\/inicio\/wp-content\/uploads\/2024\/01\/WhatsApp-Image-2024-01-23-at-16.44.32-1024x768.jpeg 1024w, https:\/\/www.professorkleberson.com.br\/inicio\/wp-content\/uploads\/2024\/01\/WhatsApp-Image-2024-01-23-at-16.44.32-300x225.jpeg 300w, https:\/\/www.professorkleberson.com.br\/inicio\/wp-content\/uploads\/2024\/01\/WhatsApp-Image-2024-01-23-at-16.44.32-768x576.jpeg 768w, https:\/\/www.professorkleberson.com.br\/inicio\/wp-content\/uploads\/2024\/01\/WhatsApp-Image-2024-01-23-at-16.44.32.jpeg 1280w\" sizes=\"auto, (max-width: 1024px) 100vw, 1024px\" \/><\/figure>\n<\/figure>\n","protected":false},"excerpt":{"rendered":"<p>Palestrante em todo o Brasil, seja de modo presencial ou online, nas seguintes \u00e1reas:<\/p>\n","protected":false},"author":1,"featured_media":0,"parent":0,"menu_order":0,"comment_status":"closed","ping_status":"closed","template":"","meta":{"footnotes":""},"class_list":["post-67","page","type-page","status-publish","hentry"],"_links":{"self":[{"href":"https:\/\/www.professorkleberson.com.br\/inicio\/wp-json\/wp\/v2\/pages\/67","targetHints":{"allow":["GET"]}}],"collection":[{"href":"https:\/\/www.professorkleberson.com.br\/inicio\/wp-json\/wp\/v2\/pages"}],"about":[{"href":"https:\/\/www.professorkleberson.com.br\/inicio\/wp-json\/wp\/v2\/types\/page"}],"author":[{"embeddable":true,"href":"https:\/\/www.professorkleberson.com.br\/inicio\/wp-json\/wp\/v2\/users\/1"}],"replies":[{"embeddable":true,"href":"https:\/\/www.professorkleberson.com.br\/inicio\/wp-json\/wp\/v2\/comments?post=67"}],"version-history":[{"count":8,"href":"https:\/\/www.professorkleberson.com.br\/inicio\/wp-json\/wp\/v2\/pages\/67\/revisions"}],"predecessor-version":[{"id":195,"href":"https:\/\/www.professorkleberson.com.br\/inicio\/wp-json\/wp\/v2\/pages\/67\/revisions\/195"}],"wp:attachment":[{"href":"https:\/\/www.professorkleberson.com.br\/inicio\/wp-json\/wp\/v2\/media?parent=67"}],"curies":[{"name":"wp","href":"https:\/\/api.w.org\/{rel}","templated":true}]}}